{"id":164,"date":"2013-08-08T13:06:18","date_gmt":"2013-08-08T11:06:18","guid":{"rendered":"http:\/\/presscore.dream-demo.com\/dummy\/?page_id=164"},"modified":"2022-07-10T17:35:22","modified_gmt":"2022-07-10T15:35:22","slug":"home","status":"publish","type":"page","link":"https:\/\/www.zebrateam.sk\/en\/","title":{"rendered":"Home"},"content":{"rendered":"<p>[vc_row][vc_column width=&#8221;1\/3&#8243;][vc_column_text]<a href=\"https:\/\/www.zebrateam.sk\/en\/outdoor-cleaning-mats\/rampmat-black\/\"><img loading=\"lazy\" class=\"aligncenter size-full wp-image-36259\" src=\"https:\/\/www.zebrateam.sk\/wp-content\/uploads\/exterierove-cistiace-rohoze.png\" alt=\"Exteri\u00e9rov\u00e9 \u010distiace roho\u017ee\" width=\"410\" height=\"250\" srcset=\"https:\/\/www.zebrateam.sk\/wp-content\/uploads\/exterierove-cistiace-rohoze.png 410w, https:\/\/www.zebrateam.sk\/wp-content\/uploads\/exterierove-cistiace-rohoze-300x183.png 300w\" sizes=\"(max-width: 410px) 100vw, 410px\" \/><\/a>[\/vc_column_text][vc_empty_space height=&#8221;25px&#8221;]<div class=\"text-centered\"><a href=\"https:\/\/www.zebrateam.sk\/en\/outdoor-cleaning-mats\/rampmat-black\/\" class=\"btn-shortcode dt-btn-m dt-btn default-btn-color default-btn-hover-color default-btn-bg-color default-btn-bg-hover-color\" id=\"dt-btn-4\"><span>OUTDOOR CLEANING MATS<\/span><\/a><\/div>[\/vc_column][vc_column width=&#8221;1\/3&#8243;][vc_column_text]<a href=\"https:\/\/www.zebrateam.sk\/en\/indoor-cleaning-mats\/zebra-rib\/\"><img loading=\"lazy\" class=\"aligncenter size-full wp-image-36260\" src=\"https:\/\/www.zebrateam.sk\/wp-content\/uploads\/interierove-cistiace-rohoze.png\" alt=\"Interi\u00e9rov\u00e9 \u010distiace roho\u017ee\" width=\"410\" height=\"250\" srcset=\"https:\/\/www.zebrateam.sk\/wp-content\/uploads\/interierove-cistiace-rohoze.png 410w, https:\/\/www.zebrateam.sk\/wp-content\/uploads\/interierove-cistiace-rohoze-300x183.png 300w\" sizes=\"(max-width: 410px) 100vw, 410px\" \/><\/a>[\/vc_column_text][vc_empty_space height=&#8221;25px&#8221;]<div class=\"text-centered\"><a href=\"https:\/\/www.zebrateam.sk\/en\/indoor-cleaning-mats\/zebra-rib\/\" class=\"btn-shortcode dt-btn-m dt-btn default-btn-color default-btn-hover-color default-btn-bg-color default-btn-bg-hover-color\" id=\"dt-btn-5\"><span>INDOOR CLEANING MATS<\/span><\/a><\/div>[\/vc_column][vc_column width=&#8221;1\/3&#8243;][vc_column_text]<a href=\"https:\/\/www.zebrateam.sk\/en\/industrial-mats\/rampmat-black-75-nitrile\/\"><img loading=\"lazy\" class=\"aligncenter size-full wp-image-36261\" src=\"https:\/\/www.zebrateam.sk\/wp-content\/uploads\/priemyselne-protiunavove-rohoze.png\" alt=\"Priemyseln\u00e9 proti\u00fanavov\u00e9 roho\u017ee\" width=\"410\" height=\"250\" srcset=\"https:\/\/www.zebrateam.sk\/wp-content\/uploads\/priemyselne-protiunavove-rohoze.png 410w, https:\/\/www.zebrateam.sk\/wp-content\/uploads\/priemyselne-protiunavove-rohoze-300x183.png 300w\" sizes=\"(max-width: 410px) 100vw, 410px\" \/><\/a>[\/vc_column_text][vc_empty_space height=&#8221;25px&#8221;]<div class=\"text-centered\"><a href=\"https:\/\/www.zebrateam.sk\/en\/industrial-mats\/rampmat-black-75-nitrile\/\" class=\"btn-shortcode dt-btn-m dt-btn default-btn-color default-btn-hover-color default-btn-bg-color default-btn-bg-hover-color\" id=\"dt-btn-6\"><span>INDUSTRIAL ANTIFATIGUE MATS<\/span><\/a><\/div>[\/vc_column][\/vc_row]<\/p>","protected":false},"excerpt":{"rendered":"<p>[vc_row][vc_column width=&#8221;1\/3&#8243;][vc_column_text][\/vc_column_text][vc_empty_space height=&#8221;25px&#8221;][\/vc_column][vc_column width=&#8221;1\/3&#8243;][vc_column_text][\/vc_column_text][vc_empty_space height=&#8221;25px&#8221;][\/vc_column][vc_column width=&#8221;1\/3&#8243;][vc_column_text][\/vc_column_text][vc_empty_space height=&#8221;25px&#8221;][\/vc_column][\/vc_row]<\/p>\n","protected":false},"author":1,"featured_media":0,"parent":0,"menu_order":1,"comment_status":"closed","ping_status":"closed","template":"","meta":[],"yoast_head":"<!-- This site is optimized with the Yoast SEO Premium plugin v18.3 (Yoast SEO v19.3) - https:\/\/yoast.com\/wordpress\/plugins\/seo\/ -->\n<title>Zebra team | Rubber mats<\/title>\n<meta name=\"description\" content=\"Rubber mats, Outdoor cleaning mats, Indoor cleaning mats, Industrial mats, Industrial antifatigue mats\" \/>\n<meta name=\"robots\" content=\"index, follow, max-snippet:-1, max-image-preview:large, max-video-preview:-1\" \/>\n<link rel=\"canonical\" href=\"https:\/\/www.zebrateam.sk\/en\/\" \/>\n<meta property=\"og:locale\" content=\"en_US\" \/>\n<meta property=\"og:type\" content=\"article\" \/>\n<meta property=\"og:title\" content=\"Home\" \/>\n<meta property=\"og:description\" content=\"Rubber mats, Outdoor cleaning mats, Indoor cleaning mats, Industrial mats, Industrial antifatigue mats\" \/>\n<meta property=\"og:url\" content=\"https:\/\/www.zebrateam.sk\/en\/\" \/>\n<meta property=\"og:site_name\" content=\"Zebra team\" \/>\n<meta property=\"article:modified_time\" content=\"2022-07-10T15:35:22+00:00\" \/>\n<meta property=\"og:image\" content=\"https:\/\/www.zebrateam.sk\/wp-content\/uploads\/exterierove-cistiace-rohoze.png\" \/>\n<meta name=\"twitter:card\" content=\"summary_large_image\" \/>\n<meta name=\"twitter:label1\" content=\"Est. reading time\" \/>\n\t<meta name=\"twitter:data1\" content=\"1 minute\" \/>\n<script type=\"application\/ld+json\" class=\"yoast-schema-graph\">{\"@context\":\"https:\/\/schema.org\",\"@graph\":[{\"@type\":\"Organization\",\"@id\":\"https:\/\/www.zebrateam.sk\/en\/#organization\",\"name\":\"Zebra team, s.r.o.\",\"url\":\"https:\/\/www.zebrateam.sk\/en\/\",\"sameAs\":[],\"logo\":{\"@type\":\"ImageObject\",\"inLanguage\":\"en-US\",\"@id\":\"https:\/\/www.zebrateam.sk\/en\/#\/schema\/logo\/image\/\",\"url\":\"https:\/\/www.zebrateam.sk\/wp-content\/uploads\/zebra-team-float-retina.png\",\"contentUrl\":\"https:\/\/www.zebrateam.sk\/wp-content\/uploads\/zebra-team-float-retina.png\",\"width\":228,\"height\":140,\"caption\":\"Zebra team, s.r.o.\"},\"image\":{\"@id\":\"https:\/\/www.zebrateam.sk\/en\/#\/schema\/logo\/image\/\"}},{\"@type\":\"WebSite\",\"@id\":\"https:\/\/www.zebrateam.sk\/en\/#website\",\"url\":\"https:\/\/www.zebrateam.sk\/en\/\",\"name\":\"Zebra team\",\"description\":\"Rubber mats\",\"publisher\":{\"@id\":\"https:\/\/www.zebrateam.sk\/en\/#organization\"},\"potentialAction\":[{\"@type\":\"SearchAction\",\"target\":{\"@type\":\"EntryPoint\",\"urlTemplate\":\"https:\/\/www.zebrateam.sk\/en\/?s={search_term_string}\"},\"query-input\":\"required name=search_term_string\"}],\"inLanguage\":\"en-US\"},{\"@type\":\"ImageObject\",\"inLanguage\":\"en-US\",\"@id\":\"https:\/\/www.zebrateam.sk\/en\/#primaryimage\",\"url\":\"https:\/\/www.zebrateam.sk\/wp-content\/uploads\/exterierove-cistiace-rohoze.png\",\"contentUrl\":\"https:\/\/www.zebrateam.sk\/wp-content\/uploads\/exterierove-cistiace-rohoze.png\",\"width\":410,\"height\":250,\"caption\":\"Exteri\u00e9rov\u00e9 \u010distiace roho\u017ee\"},{\"@type\":\"WebPage\",\"@id\":\"https:\/\/www.zebrateam.sk\/en\/\",\"url\":\"https:\/\/www.zebrateam.sk\/en\/\",\"name\":\"Zebra team | Rubber mats\",\"isPartOf\":{\"@id\":\"https:\/\/www.zebrateam.sk\/en\/#website\"},\"primaryImageOfPage\":{\"@id\":\"https:\/\/www.zebrateam.sk\/en\/#primaryimage\"},\"datePublished\":\"2013-08-08T11:06:18+00:00\",\"dateModified\":\"2022-07-10T15:35:22+00:00\",\"description\":\"Rubber mats, Outdoor cleaning mats, Indoor cleaning mats, Industrial mats, Industrial antifatigue mats\",\"breadcrumb\":{\"@id\":\"https:\/\/www.zebrateam.sk\/en\/#breadcrumb\"},\"inLanguage\":\"en-US\",\"potentialAction\":[{\"@type\":\"ReadAction\",\"target\":[[\"https:\/\/www.zebrateam.sk\/en\/\"]]}]},{\"@type\":\"BreadcrumbList\",\"@id\":\"https:\/\/www.zebrateam.sk\/en\/#breadcrumb\",\"itemListElement\":[{\"@type\":\"ListItem\",\"position\":1,\"name\":\"Home\",\"item\":\"https:\/\/www.zebrateam.sk\/en\/\"},{\"@type\":\"ListItem\",\"position\":2,\"name\":\"\u00davod\"}]}]}<\/script>\n<!-- \/ Yoast SEO Premium plugin. -->","yoast_head_json":{"title":"Zebra team | Rubber mats","description":"Rubber mats, Outdoor cleaning mats, Indoor cleaning mats, Industrial mats, Industrial antifatigue mats","robots":{"index":"index","follow":"follow","max-snippet":"max-snippet:-1","max-image-preview":"max-image-preview:large","max-video-preview":"max-video-preview:-1"},"canonical":"https:\/\/www.zebrateam.sk\/en\/","og_locale":"en_US","og_type":"article","og_title":"Home","og_description":"Rubber mats, Outdoor cleaning mats, Indoor cleaning mats, Industrial mats, Industrial antifatigue mats","og_url":"https:\/\/www.zebrateam.sk\/en\/","og_site_name":"Zebra team","article_modified_time":"2022-07-10T15:35:22+00:00","og_image":[{"url":"https:\/\/www.zebrateam.sk\/wp-content\/uploads\/exterierove-cistiace-rohoze.png"}],"twitter_card":"summary_large_image","twitter_misc":{"Est. reading time":"1 minute"},"schema":{"@context":"https:\/\/schema.org","@graph":[{"@type":"Organization","@id":"https:\/\/www.zebrateam.sk\/en\/#organization","name":"Zebra team, s.r.o.","url":"https:\/\/www.zebrateam.sk\/en\/","sameAs":[],"logo":{"@type":"ImageObject","inLanguage":"en-US","@id":"https:\/\/www.zebrateam.sk\/en\/#\/schema\/logo\/image\/","url":"https:\/\/www.zebrateam.sk\/wp-content\/uploads\/zebra-team-float-retina.png","contentUrl":"https:\/\/www.zebrateam.sk\/wp-content\/uploads\/zebra-team-float-retina.png","width":228,"height":140,"caption":"Zebra team, s.r.o."},"image":{"@id":"https:\/\/www.zebrateam.sk\/en\/#\/schema\/logo\/image\/"}},{"@type":"WebSite","@id":"https:\/\/www.zebrateam.sk\/en\/#website","url":"https:\/\/www.zebrateam.sk\/en\/","name":"Zebra team","description":"Rubber mats","publisher":{"@id":"https:\/\/www.zebrateam.sk\/en\/#organization"},"potentialAction":[{"@type":"SearchAction","target":{"@type":"EntryPoint","urlTemplate":"https:\/\/www.zebrateam.sk\/en\/?s={search_term_string}"},"query-input":"required name=search_term_string"}],"inLanguage":"en-US"},{"@type":"ImageObject","inLanguage":"en-US","@id":"https:\/\/www.zebrateam.sk\/en\/#primaryimage","url":"https:\/\/www.zebrateam.sk\/wp-content\/uploads\/exterierove-cistiace-rohoze.png","contentUrl":"https:\/\/www.zebrateam.sk\/wp-content\/uploads\/exterierove-cistiace-rohoze.png","width":410,"height":250,"caption":"Exteri\u00e9rov\u00e9 \u010distiace roho\u017ee"},{"@type":"WebPage","@id":"https:\/\/www.zebrateam.sk\/en\/","url":"https:\/\/www.zebrateam.sk\/en\/","name":"Zebra team | Rubber mats","isPartOf":{"@id":"https:\/\/www.zebrateam.sk\/en\/#website"},"primaryImageOfPage":{"@id":"https:\/\/www.zebrateam.sk\/en\/#primaryimage"},"datePublished":"2013-08-08T11:06:18+00:00","dateModified":"2022-07-10T15:35:22+00:00","description":"Rubber mats, Outdoor cleaning mats, Indoor cleaning mats, Industrial mats, Industrial antifatigue mats","breadcrumb":{"@id":"https:\/\/www.zebrateam.sk\/en\/#breadcrumb"},"inLanguage":"en-US","potentialAction":[{"@type":"ReadAction","target":[["https:\/\/www.zebrateam.sk\/en\/"]]}]},{"@type":"BreadcrumbList","@id":"https:\/\/www.zebrateam.sk\/en\/#breadcrumb","itemListElement":[{"@type":"ListItem","position":1,"name":"Home","item":"https:\/\/www.zebrateam.sk\/en\/"},{"@type":"ListItem","position":2,"name":"\u00davod"}]}]}},"_links":{"self":[{"href":"https:\/\/www.zebrateam.sk\/en\/wp-json\/wp\/v2\/pages\/164"}],"collection":[{"href":"https:\/\/www.zebrateam.sk\/en\/wp-json\/wp\/v2\/pages"}],"about":[{"href":"https:\/\/www.zebrateam.sk\/en\/wp-json\/wp\/v2\/types\/page"}],"author":[{"embeddable":true,"href":"https:\/\/www.zebrateam.sk\/en\/wp-json\/wp\/v2\/users\/1"}],"replies":[{"embeddable":true,"href":"https:\/\/www.zebrateam.sk\/en\/wp-json\/wp\/v2\/comments?post=164"}],"version-history":[{"count":0,"href":"https:\/\/www.zebrateam.sk\/en\/wp-json\/wp\/v2\/pages\/164\/revisions"}],"wp:attachment":[{"href":"https:\/\/www.zebrateam.sk\/en\/wp-json\/wp\/v2\/media?parent=164"}],"curies":[{"name":"wp","href":"https:\/\/api.w.org\/{rel}","templated":true}]}}