{"id":35744,"date":"2015-11-08T14:08:36","date_gmt":"2015-11-08T12:08:36","guid":{"rendered":"http:\/\/krasplast.renad.sk\/?page_id=35744"},"modified":"2022-07-10T16:00:07","modified_gmt":"2022-07-10T14:00:07","slug":"honeycomb-step","status":"publish","type":"page","link":"https:\/\/www.zebrateam.sk\/en\/outdoor-cleaning-mats\/honeycomb-step\/","title":{"rendered":"Honeycomb Step"},"content":{"rendered":"<p>[vc_row][vc_column]<div class=\"dt-fancy-separator h2-size style-dotted accent-title-color accent-border-color\" style=\"width: 100%;\"><div class=\"dt-fancy-title\"><span class=\"separator-holder separator-left\"><\/span>Outdoor cleaning mats with antislip effect<span class=\"separator-holder separator-right\"><\/span><\/div><\/div>[vc_empty_space height=&#8221;25px&#8221;][\/vc_column][\/vc_row][vc_row][vc_column width=&#8221;1\/2&#8243;][vc_column_text]<\/p>\n<h3>Honeycomb Step<\/h3>\n<p>[\/vc_column_text][vc_empty_space height=&#8221;20px&#8221;]<div class=\"standard-arrow list-divider bullet-top\"><ul>\n<li>outdoor step mat<\/li>\n<li>antislip effect on top and bottom<\/li>\n<li>opened honeycomb holes &#8211; the debris can fall through<\/li>\n<li>bevelled edges<\/li>\n<li>frost and higher outdoor temperature resistant<\/li>\n<li>simply assembly inside the stair<\/li>\n<li>made from rubber compound<\/li>\n<li>better step without slipping on wet and icy stairs<\/li>\n<\/ul>\n<\/div>[vc_empty_space height=&#8221;15px&#8221;][vc_column_text]\n<table id=\"tablepress-15\" class=\"tablepress tablepress-id-15\">\n<tbody>\n<tr class=\"row-1\">\n\t<td class=\"column-1\">Size (mm)<\/td><td class=\"column-2\">Weight (kg)<\/td><td class=\"column-3\">Packing<\/td>\n<\/tr>\n<tr class=\"row-2\">\n\t<td class=\"column-1\">260 x 800 x 16<\/td><td class=\"column-2\">1,8<\/td><td class=\"column-3\">Pallet or roll<\/td>\n<\/tr>\n<\/tbody>\n<\/table>\n<!-- #tablepress-15 from cache -->[\/vc_column_text][\/vc_column][vc_column width=&#8221;1\/2&#8243;]<style type=\"text\/css\" data-type=\"the7_shortcodes-inline-css\">.shortcode-single-image-wrap.shortcode-single-image-589d1d644e44e63bbaa862541bd60510.enable-bg-rollover .rollover i,\n.shortcode-single-image-wrap.shortcode-single-image-589d1d644e44e63bbaa862541bd60510.enable-bg-rollover .rollover-video i {\n  background: -webkit-linear-gradient();\n  background: linear-gradient();\n}\n.shortcode-single-image-wrap.shortcode-single-image-589d1d644e44e63bbaa862541bd60510 .rollover-icon {\n  font-size: 32px;\n  color: #ffffff;\n  min-width: 44px;\n  min-height: 44px;\n  line-height: 44px;\n  border-radius: 100px;\n  border-style: solid;\n  border-width: 0px;\n}\n.dt-icon-bg-on.shortcode-single-image-wrap.shortcode-single-image-589d1d644e44e63bbaa862541bd60510 .rollover-icon {\n  background: rgba(255,255,255,0.3);\n  box-shadow: none;\n}\n<\/style><div class=\"shortcode-single-image-wrap shortcode-single-image-589d1d644e44e63bbaa862541bd60510 alignnone fadeIn animate-element  enable-bg-rollover dt-icon-bg-off\" style=\"margin-top:0px; margin-bottom:0px; margin-left:0px; margin-right:0px; width:400px;\"><div class=\"shortcode-single-image\"><div class=\"fancy-media-wrap\" style=\"\"><a class=\"layzr-bg rollover rollover-zoom dt-pswp-item pswp-image\" href=\"https:\/\/www.zebrateam.sk\/wp-content\/uploads\/honeycomb-step.jpg\" title=\"Honeycomb Step\" data-dt-img-description=\"\" data-large_image_width=\"1000\" data-large_image_height = \"665\"  style=\"\"><img class=\"preload-me lazy-load\" src=\"data:image\/svg+xml,%3Csvg%20xmlns%3D&#39;http%3A%2F%2Fwww.w3.org%2F2000%2Fsvg&#39;%20viewBox%3D&#39;0%200%20400%20266&#39;%2F%3E\" data-src=\"https:\/\/www.zebrateam.sk\/wp-content\/uploads\/honeycomb-step-400x266.jpg\" data-srcset=\"https:\/\/www.zebrateam.sk\/wp-content\/uploads\/honeycomb-step-400x266.jpg 400w, https:\/\/www.zebrateam.sk\/wp-content\/uploads\/honeycomb-step-800x532.jpg 800w\" width=\"400\" height=\"266\"  data-dt-location=\"https:\/\/www.zebrateam.sk\/en\/outdoor-cleaning-mats\/honeycomb-step\/honeycomb-step\/\" alt=\"Honeycomb Step\" \/><\/a><\/div><\/div><\/div>[vc_empty_space height=&#8221;20px&#8221;][vc_row_inner][vc_column_inner width=&#8221;1\/2&#8243;]<style type=\"text\/css\" data-type=\"the7_shortcodes-inline-css\">.shortcode-single-image-wrap.shortcode-single-image-e792e1b6512c444f1185395c79bc3016.enable-bg-rollover .rollover i,\n.shortcode-single-image-wrap.shortcode-single-image-e792e1b6512c444f1185395c79bc3016.enable-bg-rollover .rollover-video i {\n  background: -webkit-linear-gradient();\n  background: linear-gradient();\n}\n.shortcode-single-image-wrap.shortcode-single-image-e792e1b6512c444f1185395c79bc3016 .rollover-icon {\n  font-size: 32px;\n  color: #ffffff;\n  min-width: 44px;\n  min-height: 44px;\n  line-height: 44px;\n  border-radius: 100px;\n  border-style: solid;\n  border-width: 0px;\n}\n.dt-icon-bg-on.shortcode-single-image-wrap.shortcode-single-image-e792e1b6512c444f1185395c79bc3016 .rollover-icon {\n  background: rgba(255,255,255,0.3);\n  box-shadow: none;\n}\n<\/style><div class=\"shortcode-single-image-wrap shortcode-single-image-e792e1b6512c444f1185395c79bc3016 alignnone fadeIn animate-element  enable-bg-rollover dt-icon-bg-off\" style=\"margin-top:0px; margin-bottom:0px; margin-left:0px; margin-right:0px; width:300px;\"><div class=\"shortcode-single-image\"><div class=\"fancy-media-wrap\" style=\"\"><a class=\"layzr-bg rollover rollover-zoom dt-pswp-item pswp-image\" href=\"https:\/\/www.zebrateam.sk\/wp-content\/uploads\/honeycomb-step-1.jpg\" title=\"Honeycomb Step\" data-dt-img-description=\"\" data-large_image_width=\"1000\" data-large_image_height = \"665\"  style=\"\"><img class=\"preload-me lazy-load\" src=\"data:image\/svg+xml,%3Csvg%20xmlns%3D&#39;http%3A%2F%2Fwww.w3.org%2F2000%2Fsvg&#39;%20viewBox%3D&#39;0%200%20300%20199&#39;%2F%3E\" data-src=\"https:\/\/www.zebrateam.sk\/wp-content\/uploads\/honeycomb-step-1-300x199.jpg\" data-srcset=\"https:\/\/www.zebrateam.sk\/wp-content\/uploads\/honeycomb-step-1-300x199.jpg 300w, https:\/\/www.zebrateam.sk\/wp-content\/uploads\/honeycomb-step-1-600x398.jpg 600w\" width=\"300\" height=\"199\"  data-dt-location=\"https:\/\/www.zebrateam.sk\/en\/outdoor-cleaning-mats\/honeycomb-step\/honeycomb-step-1\/\" alt=\"Honeycomb Step\" \/><\/a><\/div><\/div><\/div>[\/vc_column_inner][vc_column_inner width=&#8221;1\/2&#8243;]<style type=\"text\/css\" data-type=\"the7_shortcodes-inline-css\">.shortcode-single-image-wrap.shortcode-single-image-e356321f15a62343f14ab5c02e831d90.enable-bg-rollover .rollover i,\n.shortcode-single-image-wrap.shortcode-single-image-e356321f15a62343f14ab5c02e831d90.enable-bg-rollover .rollover-video i {\n  background: -webkit-linear-gradient();\n  background: linear-gradient();\n}\n.shortcode-single-image-wrap.shortcode-single-image-e356321f15a62343f14ab5c02e831d90 .rollover-icon {\n  font-size: 32px;\n  color: #ffffff;\n  min-width: 44px;\n  min-height: 44px;\n  line-height: 44px;\n  border-radius: 100px;\n  border-style: solid;\n  border-width: 0px;\n}\n.dt-icon-bg-on.shortcode-single-image-wrap.shortcode-single-image-e356321f15a62343f14ab5c02e831d90 .rollover-icon {\n  background: rgba(255,255,255,0.3);\n  box-shadow: none;\n}\n<\/style><div class=\"shortcode-single-image-wrap shortcode-single-image-e356321f15a62343f14ab5c02e831d90 alignnone fadeIn animate-element  enable-bg-rollover dt-icon-bg-off\" style=\"margin-top:0px; margin-bottom:0px; margin-left:0px; margin-right:0px; width:300px;\"><div class=\"shortcode-single-image\"><div class=\"fancy-media-wrap\" style=\"\"><a class=\"layzr-bg rollover rollover-zoom dt-pswp-item pswp-image\" href=\"https:\/\/www.zebrateam.sk\/wp-content\/uploads\/honeycomb-step-2.jpg\" title=\"Honeycomb Step\" data-dt-img-description=\"\" data-large_image_width=\"1000\" data-large_image_height = \"665\"  style=\"\"><img class=\"preload-me lazy-load\" src=\"data:image\/svg+xml,%3Csvg%20xmlns%3D&#39;http%3A%2F%2Fwww.w3.org%2F2000%2Fsvg&#39;%20viewBox%3D&#39;0%200%20300%20199&#39;%2F%3E\" data-src=\"https:\/\/www.zebrateam.sk\/wp-content\/uploads\/honeycomb-step-2-300x199.jpg\" data-srcset=\"https:\/\/www.zebrateam.sk\/wp-content\/uploads\/honeycomb-step-2-300x199.jpg 300w, https:\/\/www.zebrateam.sk\/wp-content\/uploads\/honeycomb-step-2-600x398.jpg 600w\" width=\"300\" height=\"199\"  data-dt-location=\"https:\/\/www.zebrateam.sk\/en\/outdoor-cleaning-mats\/honeycomb-step\/honeycomb-step-2\/\" alt=\"Honeycomb Step\" \/><\/a><\/div><\/div><\/div>[\/vc_column_inner][\/vc_row_inner][vc_empty_space height=&#8221;20px&#8221;]<style type=\"text\/css\" data-type=\"the7_shortcodes-inline-css\">.shortcode-single-image-wrap.shortcode-single-image-bcf4b76526d198151974ab959ffd01bf.enable-bg-rollover .rollover i,\n.shortcode-single-image-wrap.shortcode-single-image-bcf4b76526d198151974ab959ffd01bf.enable-bg-rollover .rollover-video i {\n  background: -webkit-linear-gradient();\n  background: linear-gradient();\n}\n.shortcode-single-image-wrap.shortcode-single-image-bcf4b76526d198151974ab959ffd01bf .rollover-icon {\n  font-size: 32px;\n  color: #ffffff;\n  min-width: 44px;\n  min-height: 44px;\n  line-height: 44px;\n  border-radius: 100px;\n  border-style: solid;\n  border-width: 0px;\n}\n.dt-icon-bg-on.shortcode-single-image-wrap.shortcode-single-image-bcf4b76526d198151974ab959ffd01bf .rollover-icon {\n  background: rgba(255,255,255,0.3);\n  box-shadow: none;\n}\n<\/style><div class=\"shortcode-single-image-wrap shortcode-single-image-bcf4b76526d198151974ab959ffd01bf alignnone fadeIn animate-element  enable-bg-rollover dt-icon-bg-off\" style=\"margin-top:0px; margin-bottom:0px; margin-left:0px; margin-right:0px; width:400px;\"><div class=\"shortcode-single-image\"><div class=\"fancy-media-wrap\" style=\"\"><a class=\"layzr-bg rollover rollover-zoom dt-pswp-item pswp-image\" href=\"https:\/\/www.zebrateam.sk\/wp-content\/uploads\/honeycomb-step-3.jpg\" title=\"Honeycomb Step\" data-dt-img-description=\"\" data-large_image_width=\"1000\" data-large_image_height = \"665\"  style=\"\"><img class=\"preload-me lazy-load\" src=\"data:image\/svg+xml,%3Csvg%20xmlns%3D&#39;http%3A%2F%2Fwww.w3.org%2F2000%2Fsvg&#39;%20viewBox%3D&#39;0%200%20400%20266&#39;%2F%3E\" data-src=\"https:\/\/www.zebrateam.sk\/wp-content\/uploads\/honeycomb-step-3-400x266.jpg\" data-srcset=\"https:\/\/www.zebrateam.sk\/wp-content\/uploads\/honeycomb-step-3-400x266.jpg 400w, https:\/\/www.zebrateam.sk\/wp-content\/uploads\/honeycomb-step-3-800x532.jpg 800w\" width=\"400\" height=\"266\"  data-dt-location=\"https:\/\/www.zebrateam.sk\/en\/outdoor-cleaning-mats\/honeycomb-step\/honeycomb-step-3\/\" alt=\"Honeycomb Step\" \/><\/a><\/div><\/div><\/div>[\/vc_column][\/vc_row]<\/p>","protected":false},"excerpt":{"rendered":"<p>[vc_row][vc_column][vc_empty_space height=&#8221;25px&#8221;][\/vc_column][\/vc_row][vc_row][vc_column width=&#8221;1\/2&#8243;][vc_column_text] Honeycomb Step [\/vc_column_text][vc_empty_space height=&#8221;20px&#8221;][vc_empty_space height=&#8221;15px&#8221;][vc_column_text][\/vc_column_text][\/vc_column][vc_column width=&#8221;1\/2&#8243;][vc_empty_space height=&#8221;20px&#8221;][vc_row_inner][vc_column_inner width=&#8221;1\/2&#8243;][\/vc_column_inner][vc_column_inner width=&#8221;1\/2&#8243;][\/vc_column_inner][\/vc_row_inner][vc_empty_space height=&#8221;20px&#8221;][\/vc_column][\/vc_row]<\/p>\n","protected":false},"author":1,"featured_media":0,"parent":36032,"menu_order":0,"comment_status":"closed","ping_status":"closed","template":"","meta":[],"yoast_head":"<!-- This site is optimized with the Yoast SEO Premium plugin v18.3 (Yoast SEO v19.3) - https:\/\/yoast.com\/wordpress\/plugins\/seo\/ -->\n<title>Honeycomb Step | Zebra team<\/title>\n<meta name=\"description\" content=\"Honeycomb Step  Honeycomb Step\" \/>\n<meta name=\"robots\" content=\"index, follow, max-snippet:-1, max-image-preview:large, max-video-preview:-1\" \/>\n<link rel=\"canonical\" href=\"https:\/\/www.zebrateam.sk\/en\/exterierove-cistiace-rohoze\/honeycomb-step\/\" \/>\n<meta property=\"og:locale\" content=\"en_US\" \/>\n<meta property=\"og:type\" content=\"article\" \/>\n<meta property=\"og:title\" content=\"Honeycomb Step\" \/>\n<meta property=\"og:description\" content=\"Honeycomb Step  Honeycomb Step\" \/>\n<meta property=\"og:url\" content=\"https:\/\/www.zebrateam.sk\/en\/exterierove-cistiace-rohoze\/honeycomb-step\/\" \/>\n<meta property=\"og:site_name\" content=\"Zebra team\" \/>\n<meta property=\"article:modified_time\" content=\"2022-07-10T14:00:07+00:00\" \/>\n<meta name=\"twitter:card\" content=\"summary_large_image\" \/>\n<meta name=\"twitter:label1\" content=\"Est. reading time\" \/>\n\t<meta name=\"twitter:data1\" content=\"2 minutes\" \/>\n<script type=\"application\/ld+json\" class=\"yoast-schema-graph\">{\"@context\":\"https:\/\/schema.org\",\"@graph\":[{\"@type\":\"Organization\",\"@id\":\"https:\/\/www.zebrateam.sk\/en\/#organization\",\"name\":\"Zebra team, s.r.o.\",\"url\":\"https:\/\/www.zebrateam.sk\/en\/\",\"sameAs\":[],\"logo\":{\"@type\":\"ImageObject\",\"inLanguage\":\"en-US\",\"@id\":\"https:\/\/www.zebrateam.sk\/en\/#\/schema\/logo\/image\/\",\"url\":\"https:\/\/www.zebrateam.sk\/wp-content\/uploads\/zebra-team-float-retina.png\",\"contentUrl\":\"https:\/\/www.zebrateam.sk\/wp-content\/uploads\/zebra-team-float-retina.png\",\"width\":228,\"height\":140,\"caption\":\"Zebra team, s.r.o.\"},\"image\":{\"@id\":\"https:\/\/www.zebrateam.sk\/en\/#\/schema\/logo\/image\/\"}},{\"@type\":\"WebSite\",\"@id\":\"https:\/\/www.zebrateam.sk\/en\/#website\",\"url\":\"https:\/\/www.zebrateam.sk\/en\/\",\"name\":\"Zebra team\",\"description\":\"Rubber mats\",\"publisher\":{\"@id\":\"https:\/\/www.zebrateam.sk\/en\/#organization\"},\"potentialAction\":[{\"@type\":\"SearchAction\",\"target\":{\"@type\":\"EntryPoint\",\"urlTemplate\":\"https:\/\/www.zebrateam.sk\/en\/?s={search_term_string}\"},\"query-input\":\"required name=search_term_string\"}],\"inLanguage\":\"en-US\"},{\"@type\":\"WebPage\",\"@id\":\"https:\/\/www.zebrateam.sk\/en\/exterierove-cistiace-rohoze\/honeycomb-step\/\",\"url\":\"https:\/\/www.zebrateam.sk\/en\/exterierove-cistiace-rohoze\/honeycomb-step\/\",\"name\":\"Honeycomb Step | Zebra team\",\"isPartOf\":{\"@id\":\"https:\/\/www.zebrateam.sk\/en\/#website\"},\"datePublished\":\"2015-11-08T12:08:36+00:00\",\"dateModified\":\"2022-07-10T14:00:07+00:00\",\"description\":\"Honeycomb Step Honeycomb Step\",\"breadcrumb\":{\"@id\":\"https:\/\/www.zebrateam.sk\/en\/exterierove-cistiace-rohoze\/honeycomb-step\/#breadcrumb\"},\"inLanguage\":\"en-US\",\"potentialAction\":[{\"@type\":\"ReadAction\",\"target\":[[\"https:\/\/www.zebrateam.sk\/en\/exterierove-cistiace-rohoze\/honeycomb-step\/\"]]}]},{\"@type\":\"BreadcrumbList\",\"@id\":\"https:\/\/www.zebrateam.sk\/en\/exterierove-cistiace-rohoze\/honeycomb-step\/#breadcrumb\",\"itemListElement\":[{\"@type\":\"ListItem\",\"position\":1,\"name\":\"Home\",\"item\":\"https:\/\/www.zebrateam.sk\/en\/\"},{\"@type\":\"ListItem\",\"position\":2,\"name\":\"Exteri\u00e9rov\u00e9 \u010distiace roho\u017ee\",\"item\":\"https:\/\/www.zebrateam.sk\/en\/exterierove-cistiace-rohoze\/\"},{\"@type\":\"ListItem\",\"position\":3,\"name\":\"Honeycomb Step\"}]}]}<\/script>\n<!-- \/ Yoast SEO Premium plugin. -->","yoast_head_json":{"title":"Honeycomb Step | Zebra team","description":"Honeycomb Step  Honeycomb Step","robots":{"index":"index","follow":"follow","max-snippet":"max-snippet:-1","max-image-preview":"max-image-preview:large","max-video-preview":"max-video-preview:-1"},"canonical":"https:\/\/www.zebrateam.sk\/en\/exterierove-cistiace-rohoze\/honeycomb-step\/","og_locale":"en_US","og_type":"article","og_title":"Honeycomb Step","og_description":"Honeycomb Step  Honeycomb Step","og_url":"https:\/\/www.zebrateam.sk\/en\/exterierove-cistiace-rohoze\/honeycomb-step\/","og_site_name":"Zebra team","article_modified_time":"2022-07-10T14:00:07+00:00","twitter_card":"summary_large_image","twitter_misc":{"Est. reading time":"2 minutes"},"schema":{"@context":"https:\/\/schema.org","@graph":[{"@type":"Organization","@id":"https:\/\/www.zebrateam.sk\/en\/#organization","name":"Zebra team, s.r.o.","url":"https:\/\/www.zebrateam.sk\/en\/","sameAs":[],"logo":{"@type":"ImageObject","inLanguage":"en-US","@id":"https:\/\/www.zebrateam.sk\/en\/#\/schema\/logo\/image\/","url":"https:\/\/www.zebrateam.sk\/wp-content\/uploads\/zebra-team-float-retina.png","contentUrl":"https:\/\/www.zebrateam.sk\/wp-content\/uploads\/zebra-team-float-retina.png","width":228,"height":140,"caption":"Zebra team, s.r.o."},"image":{"@id":"https:\/\/www.zebrateam.sk\/en\/#\/schema\/logo\/image\/"}},{"@type":"WebSite","@id":"https:\/\/www.zebrateam.sk\/en\/#website","url":"https:\/\/www.zebrateam.sk\/en\/","name":"Zebra team","description":"Rubber mats","publisher":{"@id":"https:\/\/www.zebrateam.sk\/en\/#organization"},"potentialAction":[{"@type":"SearchAction","target":{"@type":"EntryPoint","urlTemplate":"https:\/\/www.zebrateam.sk\/en\/?s={search_term_string}"},"query-input":"required name=search_term_string"}],"inLanguage":"en-US"},{"@type":"WebPage","@id":"https:\/\/www.zebrateam.sk\/en\/exterierove-cistiace-rohoze\/honeycomb-step\/","url":"https:\/\/www.zebrateam.sk\/en\/exterierove-cistiace-rohoze\/honeycomb-step\/","name":"Honeycomb Step | Zebra team","isPartOf":{"@id":"https:\/\/www.zebrateam.sk\/en\/#website"},"datePublished":"2015-11-08T12:08:36+00:00","dateModified":"2022-07-10T14:00:07+00:00","description":"Honeycomb Step Honeycomb Step","breadcrumb":{"@id":"https:\/\/www.zebrateam.sk\/en\/exterierove-cistiace-rohoze\/honeycomb-step\/#breadcrumb"},"inLanguage":"en-US","potentialAction":[{"@type":"ReadAction","target":[["https:\/\/www.zebrateam.sk\/en\/exterierove-cistiace-rohoze\/honeycomb-step\/"]]}]},{"@type":"BreadcrumbList","@id":"https:\/\/www.zebrateam.sk\/en\/exterierove-cistiace-rohoze\/honeycomb-step\/#breadcrumb","itemListElement":[{"@type":"ListItem","position":1,"name":"Home","item":"https:\/\/www.zebrateam.sk\/en\/"},{"@type":"ListItem","position":2,"name":"Exteri\u00e9rov\u00e9 \u010distiace roho\u017ee","item":"https:\/\/www.zebrateam.sk\/en\/exterierove-cistiace-rohoze\/"},{"@type":"ListItem","position":3,"name":"Honeycomb Step"}]}]}},"_links":{"self":[{"href":"https:\/\/www.zebrateam.sk\/en\/wp-json\/wp\/v2\/pages\/35744"}],"collection":[{"href":"https:\/\/www.zebrateam.sk\/en\/wp-json\/wp\/v2\/pages"}],"about":[{"href":"https:\/\/www.zebrateam.sk\/en\/wp-json\/wp\/v2\/types\/page"}],"author":[{"embeddable":true,"href":"https:\/\/www.zebrateam.sk\/en\/wp-json\/wp\/v2\/users\/1"}],"replies":[{"embeddable":true,"href":"https:\/\/www.zebrateam.sk\/en\/wp-json\/wp\/v2\/comments?post=35744"}],"version-history":[{"count":0,"href":"https:\/\/www.zebrateam.sk\/en\/wp-json\/wp\/v2\/pages\/35744\/revisions"}],"up":[{"embeddable":true,"href":"https:\/\/www.zebrateam.sk\/en\/wp-json\/wp\/v2\/pages\/36032"}],"wp:attachment":[{"href":"https:\/\/www.zebrateam.sk\/en\/wp-json\/wp\/v2\/media?parent=35744"}],"curies":[{"name":"wp","href":"https:\/\/api.w.org\/{rel}","templated":true}]}}