{"id":35771,"date":"2015-11-08T14:49:37","date_gmt":"2015-11-08T12:49:37","guid":{"rendered":"http:\/\/krasplast.renad.sk\/?page_id=35771"},"modified":"2022-07-10T15:59:31","modified_gmt":"2022-07-10T13:59:31","slug":"zebra-rib","status":"publish","type":"page","link":"https:\/\/www.zebrateam.sk\/en\/indoor-cleaning-mats\/zebra-rib\/","title":{"rendered":"Zebra-rib"},"content":{"rendered":"<p>[vc_row][vc_column]<div class=\"dt-fancy-separator h2-size style-dotted accent-title-color accent-border-color\" style=\"width: 100%;\"><div class=\"dt-fancy-title\"><span class=\"separator-holder separator-left\"><\/span>Indoor cleaning mats<span class=\"separator-holder separator-right\"><\/span><\/div><\/div>[vc_empty_space height=&#8221;25px&#8221;][\/vc_column][\/vc_row][vc_row][vc_column width=&#8221;1\/2&#8243;][vc_column_text]<\/p>\n<h3>Zebra-rib<\/h3>\n<p>[\/vc_column_text][vc_empty_space height=&#8221;20px&#8221;]<div class=\"standard-arrow list-divider bullet-top\"><ul>\n<li>indoor cleaning mat<\/li>\n<li>rubber underside, upper surface moulded polypropylene fibres with zig zag design, which absorb liquids and dirties<\/li>\n<li>bevelled edges all around<\/li>\n<li>made from rubber compound and PP fibres<\/li>\n<li>used as inside cleaning zone of buildings, houses, flats<\/li>\n<li>used in less enduranced entrance areas<\/li>\n<\/ul>\n<\/div>[vc_empty_space height=&#8221;15px&#8221;][vc_column_text]\n<table id=\"tablepress-18\" class=\"tablepress tablepress-id-18\">\n<tbody>\n<tr class=\"row-1\">\n\t<td class=\"column-1\">Size (mm)<\/td><td class=\"column-2\">Weight (kg)<\/td><td class=\"column-3\">Colour<\/td><td class=\"column-4\">Packing<\/td>\n<\/tr>\n<tr class=\"row-2\">\n\t<td class=\"column-1\">1200 x 1800 x 10<\/td><td class=\"column-2\">12,0<\/td><td class=\"column-3\">brown<\/td><td class=\"column-4\">Pallet<br \/>\nor roll<\/td>\n<\/tr>\n<tr class=\"row-3\">\n\t<td class=\"column-1\">900 x 1500 x 10<\/td><td class=\"column-2\">6,0<\/td><td class=\"column-3\">brown<\/td><td class=\"column-4\">Pallet<br \/>\nor roll<\/td>\n<\/tr>\n<tr class=\"row-4\">\n\t<td class=\"column-1\">800 x 1200 x 10<\/td><td class=\"column-2\">5,3<\/td><td class=\"column-3\">anthracite<br \/>\n&amp; brown<\/td><td class=\"column-4\">Pallet<br \/>\nor roll<\/td>\n<\/tr>\n<tr class=\"row-5\">\n\t<td class=\"column-1\">600 x 900 x 10<\/td><td class=\"column-2\">2,5<\/td><td class=\"column-3\">brown<\/td><td class=\"column-4\">Pallet<br \/>\nor roll<\/td>\n<\/tr>\n<tr class=\"row-6\">\n\t<td class=\"column-1\">400 x 600 x 10<\/td><td class=\"column-2\">1,1<\/td><td class=\"column-3\">anthracite<\/td><td class=\"column-4\">Pallet<br \/>\nor roll<\/td>\n<\/tr>\n<\/tbody>\n<\/table>\n<!-- #tablepress-18 from cache -->[\/vc_column_text][\/vc_column][vc_column width=&#8221;1\/2&#8243;]<style type=\"text\/css\" data-type=\"the7_shortcodes-inline-css\">.shortcode-single-image-wrap.shortcode-single-image-aa6cc06367691a98a6d95b1d18b0a81a.enable-bg-rollover .rollover i,\n.shortcode-single-image-wrap.shortcode-single-image-aa6cc06367691a98a6d95b1d18b0a81a.enable-bg-rollover .rollover-video i {\n  background: -webkit-linear-gradient();\n  background: linear-gradient();\n}\n.shortcode-single-image-wrap.shortcode-single-image-aa6cc06367691a98a6d95b1d18b0a81a .rollover-icon {\n  font-size: 32px;\n  color: #ffffff;\n  min-width: 44px;\n  min-height: 44px;\n  line-height: 44px;\n  border-radius: 100px;\n  border-style: solid;\n  border-width: 0px;\n}\n.dt-icon-bg-on.shortcode-single-image-wrap.shortcode-single-image-aa6cc06367691a98a6d95b1d18b0a81a .rollover-icon {\n  background: rgba(255,255,255,0.3);\n  box-shadow: none;\n}\n<\/style><div class=\"shortcode-single-image-wrap shortcode-single-image-aa6cc06367691a98a6d95b1d18b0a81a alignnone fadeIn animate-element  enable-bg-rollover dt-icon-bg-off\" style=\"margin-top:0px; margin-bottom:0px; margin-left:0px; margin-right:0px; width:400px;\"><div class=\"shortcode-single-image\"><div class=\"fancy-media-wrap\" style=\"\"><a class=\"layzr-bg rollover rollover-zoom dt-pswp-item pswp-image\" href=\"https:\/\/www.zebrateam.sk\/wp-content\/uploads\/zebra-rib.jpg\" title=\"Zebra-rib\" data-dt-img-description=\"\" data-large_image_width=\"1000\" data-large_image_height = \"665\"  style=\"\"><img class=\"preload-me lazy-load\" src=\"data:image\/svg+xml,%3Csvg%20xmlns%3D&#39;http%3A%2F%2Fwww.w3.org%2F2000%2Fsvg&#39;%20viewBox%3D&#39;0%200%20400%20266&#39;%2F%3E\" data-src=\"https:\/\/www.zebrateam.sk\/wp-content\/uploads\/zebra-rib-400x266.jpg\" data-srcset=\"https:\/\/www.zebrateam.sk\/wp-content\/uploads\/zebra-rib-400x266.jpg 400w, https:\/\/www.zebrateam.sk\/wp-content\/uploads\/zebra-rib-800x532.jpg 800w\" width=\"400\" height=\"266\"  data-dt-location=\"https:\/\/www.zebrateam.sk\/en\/zebra-rib-6\/\" alt=\"Zebra-rib\" \/><\/a><\/div><\/div><\/div>[vc_empty_space height=&#8221;20px&#8221;][vc_row_inner][vc_column_inner width=&#8221;1\/2&#8243;]<style type=\"text\/css\" data-type=\"the7_shortcodes-inline-css\">.shortcode-single-image-wrap.shortcode-single-image-404b07a4891843ac598f8d2e13070118.enable-bg-rollover .rollover i,\n.shortcode-single-image-wrap.shortcode-single-image-404b07a4891843ac598f8d2e13070118.enable-bg-rollover .rollover-video i {\n  background: -webkit-linear-gradient();\n  background: linear-gradient();\n}\n.shortcode-single-image-wrap.shortcode-single-image-404b07a4891843ac598f8d2e13070118 .rollover-icon {\n  font-size: 32px;\n  color: #ffffff;\n  min-width: 44px;\n  min-height: 44px;\n  line-height: 44px;\n  border-radius: 100px;\n  border-style: solid;\n  border-width: 0px;\n}\n.dt-icon-bg-on.shortcode-single-image-wrap.shortcode-single-image-404b07a4891843ac598f8d2e13070118 .rollover-icon {\n  background: rgba(255,255,255,0.3);\n  box-shadow: none;\n}\n<\/style><div class=\"shortcode-single-image-wrap shortcode-single-image-404b07a4891843ac598f8d2e13070118 alignnone fadeIn animate-element  enable-bg-rollover dt-icon-bg-off\" style=\"margin-top:0px; margin-bottom:0px; margin-left:0px; margin-right:0px; width:300px;\"><div class=\"shortcode-single-image\"><div class=\"fancy-media-wrap\" style=\"\"><a class=\"layzr-bg rollover rollover-zoom dt-pswp-item pswp-image\" href=\"https:\/\/www.zebrateam.sk\/wp-content\/uploads\/zebra-rib-1.jpg\" title=\"Zebra-rib\" data-dt-img-description=\"\" data-large_image_width=\"1000\" data-large_image_height = \"665\"  style=\"\"><img class=\"preload-me lazy-load\" src=\"data:image\/svg+xml,%3Csvg%20xmlns%3D&#39;http%3A%2F%2Fwww.w3.org%2F2000%2Fsvg&#39;%20viewBox%3D&#39;0%200%20300%20199&#39;%2F%3E\" data-src=\"https:\/\/www.zebrateam.sk\/wp-content\/uploads\/zebra-rib-1-300x199.jpg\" data-srcset=\"https:\/\/www.zebrateam.sk\/wp-content\/uploads\/zebra-rib-1-300x199.jpg 300w, https:\/\/www.zebrateam.sk\/wp-content\/uploads\/zebra-rib-1-600x398.jpg 600w\" width=\"300\" height=\"199\"  data-dt-location=\"https:\/\/www.zebrateam.sk\/en\/indoor-cleaning-mats\/zebra-rib\/zebra-rib-1\/\" alt=\"Zebra-rib\" \/><\/a><\/div><\/div><\/div>[\/vc_column_inner][vc_column_inner width=&#8221;1\/2&#8243;]<style type=\"text\/css\" data-type=\"the7_shortcodes-inline-css\">.shortcode-single-image-wrap.shortcode-single-image-72e84c4e80e4fa4ea9b86db28d88bb03.enable-bg-rollover .rollover i,\n.shortcode-single-image-wrap.shortcode-single-image-72e84c4e80e4fa4ea9b86db28d88bb03.enable-bg-rollover .rollover-video i {\n  background: -webkit-linear-gradient();\n  background: linear-gradient();\n}\n.shortcode-single-image-wrap.shortcode-single-image-72e84c4e80e4fa4ea9b86db28d88bb03 .rollover-icon {\n  font-size: 32px;\n  color: #ffffff;\n  min-width: 44px;\n  min-height: 44px;\n  line-height: 44px;\n  border-radius: 100px;\n  border-style: solid;\n  border-width: 0px;\n}\n.dt-icon-bg-on.shortcode-single-image-wrap.shortcode-single-image-72e84c4e80e4fa4ea9b86db28d88bb03 .rollover-icon {\n  background: rgba(255,255,255,0.3);\n  box-shadow: none;\n}\n<\/style><div class=\"shortcode-single-image-wrap shortcode-single-image-72e84c4e80e4fa4ea9b86db28d88bb03 alignnone fadeIn animate-element  enable-bg-rollover dt-icon-bg-off\" style=\"margin-top:0px; margin-bottom:0px; margin-left:0px; margin-right:0px; width:300px;\"><div class=\"shortcode-single-image\"><div class=\"fancy-media-wrap\" style=\"\"><a class=\"layzr-bg rollover rollover-zoom dt-pswp-item pswp-image\" href=\"https:\/\/www.zebrateam.sk\/wp-content\/uploads\/zebra-rib-3.jpg\" title=\"Zebra-rib\" data-dt-img-description=\"\" data-large_image_width=\"1000\" data-large_image_height = \"665\"  style=\"\"><img class=\"preload-me lazy-load\" src=\"data:image\/svg+xml,%3Csvg%20xmlns%3D&#39;http%3A%2F%2Fwww.w3.org%2F2000%2Fsvg&#39;%20viewBox%3D&#39;0%200%20300%20199&#39;%2F%3E\" data-src=\"https:\/\/www.zebrateam.sk\/wp-content\/uploads\/zebra-rib-3-300x199.jpg\" data-srcset=\"https:\/\/www.zebrateam.sk\/wp-content\/uploads\/zebra-rib-3-300x199.jpg 300w, https:\/\/www.zebrateam.sk\/wp-content\/uploads\/zebra-rib-3-600x398.jpg 600w\" width=\"300\" height=\"199\"  data-dt-location=\"https:\/\/www.zebrateam.sk\/en\/indoor-cleaning-mats\/zebra-rib\/zebra-rib-3\/\" alt=\"Zebra-rib\" \/><\/a><\/div><\/div><\/div>[\/vc_column_inner][\/vc_row_inner][vc_empty_space height=&#8221;20px&#8221;][vc_row_inner][vc_column_inner width=&#8221;1\/2&#8243;]<style type=\"text\/css\" data-type=\"the7_shortcodes-inline-css\">.shortcode-single-image-wrap.shortcode-single-image-32a2f70b7355069154e298256b5070eb.enable-bg-rollover .rollover i,\n.shortcode-single-image-wrap.shortcode-single-image-32a2f70b7355069154e298256b5070eb.enable-bg-rollover .rollover-video i {\n  background: -webkit-linear-gradient();\n  background: linear-gradient();\n}\n.shortcode-single-image-wrap.shortcode-single-image-32a2f70b7355069154e298256b5070eb .rollover-icon {\n  font-size: 32px;\n  color: #ffffff;\n  min-width: 44px;\n  min-height: 44px;\n  line-height: 44px;\n  border-radius: 100px;\n  border-style: solid;\n  border-width: 0px;\n}\n.dt-icon-bg-on.shortcode-single-image-wrap.shortcode-single-image-32a2f70b7355069154e298256b5070eb .rollover-icon {\n  background: rgba(255,255,255,0.3);\n  box-shadow: none;\n}\n<\/style><div class=\"shortcode-single-image-wrap shortcode-single-image-32a2f70b7355069154e298256b5070eb alignnone fadeIn animate-element  enable-bg-rollover dt-icon-bg-off\" style=\"margin-top:0px; margin-bottom:0px; margin-left:0px; margin-right:0px; width:300px;\"><div class=\"shortcode-single-image\"><div class=\"fancy-media-wrap\" style=\"\"><a class=\"layzr-bg rollover rollover-zoom dt-pswp-item pswp-image\" href=\"https:\/\/www.zebrateam.sk\/wp-content\/uploads\/zebra-rib-6.jpg\" title=\"Zebra-rib\" data-dt-img-description=\"\" data-large_image_width=\"1000\" data-large_image_height = \"665\"  style=\"\"><img class=\"preload-me lazy-load\" src=\"data:image\/svg+xml,%3Csvg%20xmlns%3D&#39;http%3A%2F%2Fwww.w3.org%2F2000%2Fsvg&#39;%20viewBox%3D&#39;0%200%20300%20199&#39;%2F%3E\" data-src=\"https:\/\/www.zebrateam.sk\/wp-content\/uploads\/zebra-rib-6-300x199.jpg\" data-srcset=\"https:\/\/www.zebrateam.sk\/wp-content\/uploads\/zebra-rib-6-300x199.jpg 300w, https:\/\/www.zebrateam.sk\/wp-content\/uploads\/zebra-rib-6-600x398.jpg 600w\" width=\"300\" height=\"199\"  data-dt-location=\"https:\/\/www.zebrateam.sk\/en\/indoor-cleaning-mats\/zebra-rib\/zebra-rib-6-2\/\" alt=\"Zebra-rib\" \/><\/a><\/div><\/div><\/div>[\/vc_column_inner][vc_column_inner width=&#8221;1\/2&#8243;]<style type=\"text\/css\" data-type=\"the7_shortcodes-inline-css\">.shortcode-single-image-wrap.shortcode-single-image-1a36eed1d28c5155bc3bf3c64c0c3481.enable-bg-rollover .rollover i,\n.shortcode-single-image-wrap.shortcode-single-image-1a36eed1d28c5155bc3bf3c64c0c3481.enable-bg-rollover .rollover-video i {\n  background: -webkit-linear-gradient();\n  background: linear-gradient();\n}\n.shortcode-single-image-wrap.shortcode-single-image-1a36eed1d28c5155bc3bf3c64c0c3481 .rollover-icon {\n  font-size: 32px;\n  color: #ffffff;\n  min-width: 44px;\n  min-height: 44px;\n  line-height: 44px;\n  border-radius: 100px;\n  border-style: solid;\n  border-width: 0px;\n}\n.dt-icon-bg-on.shortcode-single-image-wrap.shortcode-single-image-1a36eed1d28c5155bc3bf3c64c0c3481 .rollover-icon {\n  background: rgba(255,255,255,0.3);\n  box-shadow: none;\n}\n<\/style><div class=\"shortcode-single-image-wrap shortcode-single-image-1a36eed1d28c5155bc3bf3c64c0c3481 alignnone fadeIn animate-element  enable-bg-rollover dt-icon-bg-off\" style=\"margin-top:0px; margin-bottom:0px; margin-left:0px; margin-right:0px; width:300px;\"><div class=\"shortcode-single-image\"><div class=\"fancy-media-wrap\" style=\"\"><a class=\"layzr-bg rollover rollover-zoom dt-pswp-item pswp-image\" href=\"https:\/\/www.zebrateam.sk\/wp-content\/uploads\/zebra-rib-4.jpg\" title=\"Zebra-rib\" data-dt-img-description=\"\" data-large_image_width=\"1000\" data-large_image_height = \"665\"  style=\"\"><img class=\"preload-me lazy-load\" src=\"data:image\/svg+xml,%3Csvg%20xmlns%3D&#39;http%3A%2F%2Fwww.w3.org%2F2000%2Fsvg&#39;%20viewBox%3D&#39;0%200%20300%20199&#39;%2F%3E\" data-src=\"https:\/\/www.zebrateam.sk\/wp-content\/uploads\/zebra-rib-4-300x199.jpg\" data-srcset=\"https:\/\/www.zebrateam.sk\/wp-content\/uploads\/zebra-rib-4-300x199.jpg 300w, https:\/\/www.zebrateam.sk\/wp-content\/uploads\/zebra-rib-4-600x398.jpg 600w\" width=\"300\" height=\"199\"  data-dt-location=\"https:\/\/www.zebrateam.sk\/en\/indoor-cleaning-mats\/zebra-rib\/zebra-rib-4\/\" alt=\"Zebra-rib\" \/><\/a><\/div><\/div><\/div>[\/vc_column_inner][\/vc_row_inner][vc_empty_space height=&#8221;20px&#8221;]<style type=\"text\/css\" data-type=\"the7_shortcodes-inline-css\">.shortcode-single-image-wrap.shortcode-single-image-d60487ed252d13ed1351fd1856cb7e4f.enable-bg-rollover .rollover i,\n.shortcode-single-image-wrap.shortcode-single-image-d60487ed252d13ed1351fd1856cb7e4f.enable-bg-rollover .rollover-video i {\n  background: -webkit-linear-gradient();\n  background: linear-gradient();\n}\n.shortcode-single-image-wrap.shortcode-single-image-d60487ed252d13ed1351fd1856cb7e4f .rollover-icon {\n  font-size: 32px;\n  color: #ffffff;\n  min-width: 44px;\n  min-height: 44px;\n  line-height: 44px;\n  border-radius: 100px;\n  border-style: solid;\n  border-width: 0px;\n}\n.dt-icon-bg-on.shortcode-single-image-wrap.shortcode-single-image-d60487ed252d13ed1351fd1856cb7e4f .rollover-icon {\n  background: rgba(255,255,255,0.3);\n  box-shadow: none;\n}\n<\/style><div class=\"shortcode-single-image-wrap shortcode-single-image-d60487ed252d13ed1351fd1856cb7e4f alignnone fadeIn animate-element  enable-bg-rollover dt-icon-bg-off\" style=\"margin-top:0px; margin-bottom:0px; margin-left:0px; margin-right:0px; width:400px;\"><div class=\"shortcode-single-image\"><div class=\"fancy-media-wrap\" style=\"\"><a class=\"layzr-bg rollover rollover-zoom dt-pswp-item pswp-image\" href=\"https:\/\/www.zebrateam.sk\/wp-content\/uploads\/zebra-rib-5.jpg\" title=\"Zebra-rib\" data-dt-img-description=\"\" data-large_image_width=\"1000\" data-large_image_height = \"665\"  style=\"\"><img class=\"preload-me lazy-load\" src=\"data:image\/svg+xml,%3Csvg%20xmlns%3D&#39;http%3A%2F%2Fwww.w3.org%2F2000%2Fsvg&#39;%20viewBox%3D&#39;0%200%20400%20266&#39;%2F%3E\" data-src=\"https:\/\/www.zebrateam.sk\/wp-content\/uploads\/zebra-rib-5-400x266.jpg\" data-srcset=\"https:\/\/www.zebrateam.sk\/wp-content\/uploads\/zebra-rib-5-400x266.jpg 400w, https:\/\/www.zebrateam.sk\/wp-content\/uploads\/zebra-rib-5-800x532.jpg 800w\" width=\"400\" height=\"266\"  data-dt-location=\"https:\/\/www.zebrateam.sk\/en\/indoor-cleaning-mats\/zebra-rib\/zebra-rib-5\/\" alt=\"Zebra-rib\" \/><\/a><\/div><\/div><\/div>[\/vc_column][\/vc_row]<\/p>","protected":false},"excerpt":{"rendered":"<p>[vc_row][vc_column][vc_empty_space height=&#8221;25px&#8221;][\/vc_column][\/vc_row][vc_row][vc_column width=&#8221;1\/2&#8243;][vc_column_text] Zebra-rib [\/vc_column_text][vc_empty_space height=&#8221;20px&#8221;][vc_empty_space height=&#8221;15px&#8221;][vc_column_text][\/vc_column_text][\/vc_column][vc_column width=&#8221;1\/2&#8243;][vc_empty_space height=&#8221;20px&#8221;][vc_row_inner][vc_column_inner width=&#8221;1\/2&#8243;][\/vc_column_inner][vc_column_inner width=&#8221;1\/2&#8243;][\/vc_column_inner][\/vc_row_inner][vc_empty_space height=&#8221;20px&#8221;][vc_row_inner][vc_column_inner width=&#8221;1\/2&#8243;][\/vc_column_inner][vc_column_inner width=&#8221;1\/2&#8243;][\/vc_column_inner][\/vc_row_inner][vc_empty_space height=&#8221;20px&#8221;][\/vc_column][\/vc_row]<\/p>\n","protected":false},"author":1,"featured_media":0,"parent":36206,"menu_order":0,"comment_status":"closed","ping_status":"closed","template":"","meta":[],"yoast_head":"<!-- This site is optimized with the Yoast SEO Premium plugin v18.3 (Yoast SEO v19.3) - https:\/\/yoast.com\/wordpress\/plugins\/seo\/ -->\n<title>Zebra-rib | Zebra team<\/title>\n<meta name=\"description\" content=\"Zebra-rib  Zebra-rib\" \/>\n<meta name=\"robots\" content=\"index, follow, max-snippet:-1, max-image-preview:large, max-video-preview:-1\" \/>\n<link rel=\"canonical\" href=\"https:\/\/www.zebrateam.sk\/en\/interierove-cistiace-rohoze\/zebra-rib\/\" \/>\n<meta property=\"og:locale\" content=\"en_US\" \/>\n<meta property=\"og:type\" content=\"article\" \/>\n<meta property=\"og:title\" content=\"Zebra-rib\" \/>\n<meta property=\"og:description\" content=\"Zebra-rib  Zebra-rib\" \/>\n<meta property=\"og:url\" content=\"https:\/\/www.zebrateam.sk\/en\/interierove-cistiace-rohoze\/zebra-rib\/\" \/>\n<meta property=\"og:site_name\" content=\"Zebra team\" \/>\n<meta property=\"article:modified_time\" content=\"2022-07-10T13:59:31+00:00\" \/>\n<meta name=\"twitter:card\" content=\"summary_large_image\" \/>\n<meta name=\"twitter:label1\" content=\"Est. reading time\" \/>\n\t<meta name=\"twitter:data1\" content=\"3 minutes\" \/>\n<script type=\"application\/ld+json\" class=\"yoast-schema-graph\">{\"@context\":\"https:\/\/schema.org\",\"@graph\":[{\"@type\":\"Organization\",\"@id\":\"https:\/\/www.zebrateam.sk\/en\/#organization\",\"name\":\"Zebra team, s.r.o.\",\"url\":\"https:\/\/www.zebrateam.sk\/en\/\",\"sameAs\":[],\"logo\":{\"@type\":\"ImageObject\",\"inLanguage\":\"en-US\",\"@id\":\"https:\/\/www.zebrateam.sk\/en\/#\/schema\/logo\/image\/\",\"url\":\"https:\/\/www.zebrateam.sk\/wp-content\/uploads\/zebra-team-float-retina.png\",\"contentUrl\":\"https:\/\/www.zebrateam.sk\/wp-content\/uploads\/zebra-team-float-retina.png\",\"width\":228,\"height\":140,\"caption\":\"Zebra team, s.r.o.\"},\"image\":{\"@id\":\"https:\/\/www.zebrateam.sk\/en\/#\/schema\/logo\/image\/\"}},{\"@type\":\"WebSite\",\"@id\":\"https:\/\/www.zebrateam.sk\/en\/#website\",\"url\":\"https:\/\/www.zebrateam.sk\/en\/\",\"name\":\"Zebra team\",\"description\":\"Rubber mats\",\"publisher\":{\"@id\":\"https:\/\/www.zebrateam.sk\/en\/#organization\"},\"potentialAction\":[{\"@type\":\"SearchAction\",\"target\":{\"@type\":\"EntryPoint\",\"urlTemplate\":\"https:\/\/www.zebrateam.sk\/en\/?s={search_term_string}\"},\"query-input\":\"required name=search_term_string\"}],\"inLanguage\":\"en-US\"},{\"@type\":\"WebPage\",\"@id\":\"https:\/\/www.zebrateam.sk\/en\/interierove-cistiace-rohoze\/zebra-rib\/\",\"url\":\"https:\/\/www.zebrateam.sk\/en\/interierove-cistiace-rohoze\/zebra-rib\/\",\"name\":\"Zebra-rib | Zebra team\",\"isPartOf\":{\"@id\":\"https:\/\/www.zebrateam.sk\/en\/#website\"},\"datePublished\":\"2015-11-08T12:49:37+00:00\",\"dateModified\":\"2022-07-10T13:59:31+00:00\",\"description\":\"Zebra-rib Zebra-rib\",\"breadcrumb\":{\"@id\":\"https:\/\/www.zebrateam.sk\/en\/interierove-cistiace-rohoze\/zebra-rib\/#breadcrumb\"},\"inLanguage\":\"en-US\",\"potentialAction\":[{\"@type\":\"ReadAction\",\"target\":[[\"https:\/\/www.zebrateam.sk\/en\/interierove-cistiace-rohoze\/zebra-rib\/\"]]}]},{\"@type\":\"BreadcrumbList\",\"@id\":\"https:\/\/www.zebrateam.sk\/en\/interierove-cistiace-rohoze\/zebra-rib\/#breadcrumb\",\"itemListElement\":[{\"@type\":\"ListItem\",\"position\":1,\"name\":\"Home\",\"item\":\"https:\/\/www.zebrateam.sk\/en\/\"},{\"@type\":\"ListItem\",\"position\":2,\"name\":\"Interi\u00e9rov\u00e9 \u010distiace roho\u017ee\",\"item\":\"https:\/\/www.zebrateam.sk\/en\/interierove-cistiace-rohoze\/\"},{\"@type\":\"ListItem\",\"position\":3,\"name\":\"Zebra-rib\"}]}]}<\/script>\n<!-- \/ Yoast SEO Premium plugin. -->","yoast_head_json":{"title":"Zebra-rib | Zebra team","description":"Zebra-rib  Zebra-rib","robots":{"index":"index","follow":"follow","max-snippet":"max-snippet:-1","max-image-preview":"max-image-preview:large","max-video-preview":"max-video-preview:-1"},"canonical":"https:\/\/www.zebrateam.sk\/en\/interierove-cistiace-rohoze\/zebra-rib\/","og_locale":"en_US","og_type":"article","og_title":"Zebra-rib","og_description":"Zebra-rib  Zebra-rib","og_url":"https:\/\/www.zebrateam.sk\/en\/interierove-cistiace-rohoze\/zebra-rib\/","og_site_name":"Zebra team","article_modified_time":"2022-07-10T13:59:31+00:00","twitter_card":"summary_large_image","twitter_misc":{"Est. reading time":"3 minutes"},"schema":{"@context":"https:\/\/schema.org","@graph":[{"@type":"Organization","@id":"https:\/\/www.zebrateam.sk\/en\/#organization","name":"Zebra team, s.r.o.","url":"https:\/\/www.zebrateam.sk\/en\/","sameAs":[],"logo":{"@type":"ImageObject","inLanguage":"en-US","@id":"https:\/\/www.zebrateam.sk\/en\/#\/schema\/logo\/image\/","url":"https:\/\/www.zebrateam.sk\/wp-content\/uploads\/zebra-team-float-retina.png","contentUrl":"https:\/\/www.zebrateam.sk\/wp-content\/uploads\/zebra-team-float-retina.png","width":228,"height":140,"caption":"Zebra team, s.r.o."},"image":{"@id":"https:\/\/www.zebrateam.sk\/en\/#\/schema\/logo\/image\/"}},{"@type":"WebSite","@id":"https:\/\/www.zebrateam.sk\/en\/#website","url":"https:\/\/www.zebrateam.sk\/en\/","name":"Zebra team","description":"Rubber mats","publisher":{"@id":"https:\/\/www.zebrateam.sk\/en\/#organization"},"potentialAction":[{"@type":"SearchAction","target":{"@type":"EntryPoint","urlTemplate":"https:\/\/www.zebrateam.sk\/en\/?s={search_term_string}"},"query-input":"required name=search_term_string"}],"inLanguage":"en-US"},{"@type":"WebPage","@id":"https:\/\/www.zebrateam.sk\/en\/interierove-cistiace-rohoze\/zebra-rib\/","url":"https:\/\/www.zebrateam.sk\/en\/interierove-cistiace-rohoze\/zebra-rib\/","name":"Zebra-rib | Zebra team","isPartOf":{"@id":"https:\/\/www.zebrateam.sk\/en\/#website"},"datePublished":"2015-11-08T12:49:37+00:00","dateModified":"2022-07-10T13:59:31+00:00","description":"Zebra-rib Zebra-rib","breadcrumb":{"@id":"https:\/\/www.zebrateam.sk\/en\/interierove-cistiace-rohoze\/zebra-rib\/#breadcrumb"},"inLanguage":"en-US","potentialAction":[{"@type":"ReadAction","target":[["https:\/\/www.zebrateam.sk\/en\/interierove-cistiace-rohoze\/zebra-rib\/"]]}]},{"@type":"BreadcrumbList","@id":"https:\/\/www.zebrateam.sk\/en\/interierove-cistiace-rohoze\/zebra-rib\/#breadcrumb","itemListElement":[{"@type":"ListItem","position":1,"name":"Home","item":"https:\/\/www.zebrateam.sk\/en\/"},{"@type":"ListItem","position":2,"name":"Interi\u00e9rov\u00e9 \u010distiace roho\u017ee","item":"https:\/\/www.zebrateam.sk\/en\/interierove-cistiace-rohoze\/"},{"@type":"ListItem","position":3,"name":"Zebra-rib"}]}]}},"_links":{"self":[{"href":"https:\/\/www.zebrateam.sk\/en\/wp-json\/wp\/v2\/pages\/35771"}],"collection":[{"href":"https:\/\/www.zebrateam.sk\/en\/wp-json\/wp\/v2\/pages"}],"about":[{"href":"https:\/\/www.zebrateam.sk\/en\/wp-json\/wp\/v2\/types\/page"}],"author":[{"embeddable":true,"href":"https:\/\/www.zebrateam.sk\/en\/wp-json\/wp\/v2\/users\/1"}],"replies":[{"embeddable":true,"href":"https:\/\/www.zebrateam.sk\/en\/wp-json\/wp\/v2\/comments?post=35771"}],"version-history":[{"count":0,"href":"https:\/\/www.zebrateam.sk\/en\/wp-json\/wp\/v2\/pages\/35771\/revisions"}],"up":[{"embeddable":true,"href":"https:\/\/www.zebrateam.sk\/en\/wp-json\/wp\/v2\/pages\/36206"}],"wp:attachment":[{"href":"https:\/\/www.zebrateam.sk\/en\/wp-json\/wp\/v2\/media?parent=35771"}],"curies":[{"name":"wp","href":"https:\/\/api.w.org\/{rel}","templated":true}]}}