{"id":35874,"date":"2015-11-09T16:33:06","date_gmt":"2015-11-09T14:33:06","guid":{"rendered":"http:\/\/krasplast.renad.sk\/?page_id=35874"},"modified":"2022-07-10T15:56:38","modified_gmt":"2022-07-10T13:56:38","slug":"kontakt","status":"publish","type":"page","link":"https:\/\/www.zebrateam.sk\/en\/contact\/","title":{"rendered":"Contact"},"content":{"rendered":"<p>[vc_row][vc_column]<section class=\"shortcode-action-box table shortcode-action-bg block-style-widget\"><div class=\"\"><h3>Contact information<\/h3>\n<\/div><\/section>[vc_empty_space height=&#8221;25px&#8221;][\/vc_column][\/vc_row][vc_row][vc_column width=&#8221;1\/3&#8243;][vc_column_text]<strong>Kopanice 901\/7C<\/strong><br \/>\n<strong>010 09 \u017dilina-Byt\u010dica<\/strong><br \/>\ne-mail: <a href=\"mailto:zebrateam@mail.t-com.sk\">zebrateam@mail.t-com.sk<\/a>[\/vc_column_text][\/vc_column][vc_column width=&#8221;1\/3&#8243;][vc_column_text]<strong>Ing. Daniela\u00a0Vi\u0161\u0148ovsk\u00e1<\/strong><br \/>\nFor communication in English<br \/>\nphone:\u00a0\u00a0<strong>+421 917 147 150<\/strong>[\/vc_column_text][\/vc_column][vc_column width=&#8221;1\/3&#8243;][vc_column_text]<strong>Ing. Mgr. Ivan Vi\u0161\u0148ovsk\u00fd<\/strong><br \/>\nphone:\u00a0\u00a0<strong>+421 907 822 474<\/strong>[\/vc_column_text][\/vc_column][\/vc_row][vc_row][vc_column][vc_empty_space height=&#8221;35px&#8221;][vc_gmaps link=&#8221;#E-8_JTNDaWZyYW1lJTIwc3JjJTNEJTIyaHR0cHMlM0ElMkYlMkZ3d3cuZ29vZ2xlLmNvbSUyRm1hcHMlMkZkJTJGZW1iZWQlM0ZtaWQlM0R6MUZmc0FDdk1vcjQua1ZQb1FUQndVUnRRJTIyJTIwd2lkdGglM0QlMjI3NTIlMjIlMjBoZWlnaHQlM0QlMjIzNTAlMjIlM0UlM0MlMkZpZnJhbWUlM0U=&#8221; size=&#8221;350&#8243;][\/vc_column][\/vc_row]<\/p>","protected":false},"excerpt":{"rendered":"<p>[vc_row][vc_column][vc_empty_space height=&#8221;25px&#8221;][\/vc_column][\/vc_row][vc_row][vc_column width=&#8221;1\/3&#8243;][vc_column_text]Kopanice 901\/7C 010 09 \u017dilina-Byt\u010dica e-mail: zebrateam@mail.t-com.sk[\/vc_column_text][\/vc_column][vc_column width=&#8221;1\/3&#8243;][vc_column_text]Ing. Daniela\u00a0Vi\u0161\u0148ovsk\u00e1 For communication in English phone:\u00a0\u00a0+421 917 147 150[\/vc_column_text][\/vc_column][vc_column width=&#8221;1\/3&#8243;][vc_column_text]Ing. Mgr. Ivan Vi\u0161\u0148ovsk\u00fd phone:\u00a0\u00a0+421 907 822 474[\/vc_column_text][\/vc_column][\/vc_row][vc_row][vc_column][vc_empty_space height=&#8221;35px&#8221;][vc_gmaps link=&#8221;#E-8_JTNDaWZyYW1lJTIwc3JjJTNEJTIyaHR0cHMlM0ElMkYlMkZ3d3cuZ29vZ2xlLmNvbSUyRm1hcHMlMkZkJTJGZW1iZWQlM0ZtaWQlM0R6MUZmc0FDdk1vcjQua1ZQb1FUQndVUnRRJTIyJTIwd2lkdGglM0QlMjI3NTIlMjIlMjBoZWlnaHQlM0QlMjIzNTAlMjIlM0UlM0MlMkZpZnJhbWUlM0U=&#8221; size=&#8221;350&#8243;][\/vc_column][\/vc_row]<\/p>\n","protected":false},"author":1,"featured_media":0,"parent":0,"menu_order":6,"comment_status":"closed","ping_status":"closed","template":"","meta":[],"yoast_head":"<!-- This site is optimized with the Yoast SEO Premium plugin v18.3 (Yoast SEO v19.3) - https:\/\/yoast.com\/wordpress\/plugins\/seo\/ -->\n<title>Contact | Zebra team<\/title>\n<meta name=\"description\" content=\"Faktura\u010dn\u00e1 adresa: Kopanice 901\/7C 010 09 \u017dilina-Byt\u010dica e-mail: zebrateam@zebrateam.skSklad: are\u00e1l spolo\u010dnosti Krasplast 013 03 Kras\u0148any 285JUDr. Ing.\" \/>\n<meta name=\"robots\" content=\"index, follow, max-snippet:-1, max-image-preview:large, max-video-preview:-1\" \/>\n<link rel=\"canonical\" href=\"https:\/\/www.zebrateam.sk\/en\/kontakt\/\" \/>\n<meta property=\"og:locale\" content=\"en_US\" \/>\n<meta property=\"og:type\" content=\"article\" \/>\n<meta property=\"og:title\" content=\"Contact\" \/>\n<meta property=\"og:description\" content=\"Faktura\u010dn\u00e1 adresa: Kopanice 901\/7C 010 09 \u017dilina-Byt\u010dica e-mail: zebrateam@zebrateam.skSklad: are\u00e1l spolo\u010dnosti Krasplast 013 03 Kras\u0148any 285JUDr. Ing.\" \/>\n<meta property=\"og:url\" content=\"https:\/\/www.zebrateam.sk\/en\/kontakt\/\" \/>\n<meta property=\"og:site_name\" content=\"Zebra team\" \/>\n<meta property=\"article:modified_time\" content=\"2022-07-10T13:56:38+00:00\" \/>\n<meta name=\"twitter:card\" content=\"summary_large_image\" \/>\n<meta name=\"twitter:label1\" content=\"Est. reading time\" \/>\n\t<meta name=\"twitter:data1\" content=\"1 minute\" \/>\n<script type=\"application\/ld+json\" class=\"yoast-schema-graph\">{\"@context\":\"https:\/\/schema.org\",\"@graph\":[{\"@type\":\"Organization\",\"@id\":\"https:\/\/www.zebrateam.sk\/en\/#organization\",\"name\":\"Zebra team, s.r.o.\",\"url\":\"https:\/\/www.zebrateam.sk\/en\/\",\"sameAs\":[],\"logo\":{\"@type\":\"ImageObject\",\"inLanguage\":\"en-US\",\"@id\":\"https:\/\/www.zebrateam.sk\/en\/#\/schema\/logo\/image\/\",\"url\":\"https:\/\/www.zebrateam.sk\/wp-content\/uploads\/zebra-team-float-retina.png\",\"contentUrl\":\"https:\/\/www.zebrateam.sk\/wp-content\/uploads\/zebra-team-float-retina.png\",\"width\":228,\"height\":140,\"caption\":\"Zebra team, s.r.o.\"},\"image\":{\"@id\":\"https:\/\/www.zebrateam.sk\/en\/#\/schema\/logo\/image\/\"}},{\"@type\":\"WebSite\",\"@id\":\"https:\/\/www.zebrateam.sk\/en\/#website\",\"url\":\"https:\/\/www.zebrateam.sk\/en\/\",\"name\":\"Zebra team\",\"description\":\"Rubber mats\",\"publisher\":{\"@id\":\"https:\/\/www.zebrateam.sk\/en\/#organization\"},\"potentialAction\":[{\"@type\":\"SearchAction\",\"target\":{\"@type\":\"EntryPoint\",\"urlTemplate\":\"https:\/\/www.zebrateam.sk\/en\/?s={search_term_string}\"},\"query-input\":\"required name=search_term_string\"}],\"inLanguage\":\"en-US\"},{\"@type\":\"WebPage\",\"@id\":\"https:\/\/www.zebrateam.sk\/en\/kontakt\/\",\"url\":\"https:\/\/www.zebrateam.sk\/en\/kontakt\/\",\"name\":\"Contact | Zebra team\",\"isPartOf\":{\"@id\":\"https:\/\/www.zebrateam.sk\/en\/#website\"},\"datePublished\":\"2015-11-09T14:33:06+00:00\",\"dateModified\":\"2022-07-10T13:56:38+00:00\",\"description\":\"Faktura\u010dn\u00e1 adresa: Kopanice 901\/7C 010 09 \u017dilina-Byt\u010dica e-mail: zebrateam@zebrateam.skSklad: are\u00e1l spolo\u010dnosti Krasplast 013 03 Kras\u0148any 285JUDr. Ing.\",\"breadcrumb\":{\"@id\":\"https:\/\/www.zebrateam.sk\/en\/kontakt\/#breadcrumb\"},\"inLanguage\":\"en-US\",\"potentialAction\":[{\"@type\":\"ReadAction\",\"target\":[[\"https:\/\/www.zebrateam.sk\/en\/kontakt\/\"]]}]},{\"@type\":\"BreadcrumbList\",\"@id\":\"https:\/\/www.zebrateam.sk\/en\/kontakt\/#breadcrumb\",\"itemListElement\":[{\"@type\":\"ListItem\",\"position\":1,\"name\":\"Home\",\"item\":\"https:\/\/www.zebrateam.sk\/en\/\"},{\"@type\":\"ListItem\",\"position\":2,\"name\":\"Kontakt\"}]}]}<\/script>\n<!-- \/ Yoast SEO Premium plugin. -->","yoast_head_json":{"title":"Contact | Zebra team","description":"Faktura\u010dn\u00e1 adresa: Kopanice 901\/7C 010 09 \u017dilina-Byt\u010dica e-mail: zebrateam@zebrateam.skSklad: are\u00e1l spolo\u010dnosti Krasplast 013 03 Kras\u0148any 285JUDr. Ing.","robots":{"index":"index","follow":"follow","max-snippet":"max-snippet:-1","max-image-preview":"max-image-preview:large","max-video-preview":"max-video-preview:-1"},"canonical":"https:\/\/www.zebrateam.sk\/en\/kontakt\/","og_locale":"en_US","og_type":"article","og_title":"Contact","og_description":"Faktura\u010dn\u00e1 adresa: Kopanice 901\/7C 010 09 \u017dilina-Byt\u010dica e-mail: zebrateam@zebrateam.skSklad: are\u00e1l spolo\u010dnosti Krasplast 013 03 Kras\u0148any 285JUDr. Ing.","og_url":"https:\/\/www.zebrateam.sk\/en\/kontakt\/","og_site_name":"Zebra team","article_modified_time":"2022-07-10T13:56:38+00:00","twitter_card":"summary_large_image","twitter_misc":{"Est. reading time":"1 minute"},"schema":{"@context":"https:\/\/schema.org","@graph":[{"@type":"Organization","@id":"https:\/\/www.zebrateam.sk\/en\/#organization","name":"Zebra team, s.r.o.","url":"https:\/\/www.zebrateam.sk\/en\/","sameAs":[],"logo":{"@type":"ImageObject","inLanguage":"en-US","@id":"https:\/\/www.zebrateam.sk\/en\/#\/schema\/logo\/image\/","url":"https:\/\/www.zebrateam.sk\/wp-content\/uploads\/zebra-team-float-retina.png","contentUrl":"https:\/\/www.zebrateam.sk\/wp-content\/uploads\/zebra-team-float-retina.png","width":228,"height":140,"caption":"Zebra team, s.r.o."},"image":{"@id":"https:\/\/www.zebrateam.sk\/en\/#\/schema\/logo\/image\/"}},{"@type":"WebSite","@id":"https:\/\/www.zebrateam.sk\/en\/#website","url":"https:\/\/www.zebrateam.sk\/en\/","name":"Zebra team","description":"Rubber mats","publisher":{"@id":"https:\/\/www.zebrateam.sk\/en\/#organization"},"potentialAction":[{"@type":"SearchAction","target":{"@type":"EntryPoint","urlTemplate":"https:\/\/www.zebrateam.sk\/en\/?s={search_term_string}"},"query-input":"required name=search_term_string"}],"inLanguage":"en-US"},{"@type":"WebPage","@id":"https:\/\/www.zebrateam.sk\/en\/kontakt\/","url":"https:\/\/www.zebrateam.sk\/en\/kontakt\/","name":"Contact | Zebra team","isPartOf":{"@id":"https:\/\/www.zebrateam.sk\/en\/#website"},"datePublished":"2015-11-09T14:33:06+00:00","dateModified":"2022-07-10T13:56:38+00:00","description":"Faktura\u010dn\u00e1 adresa: Kopanice 901\/7C 010 09 \u017dilina-Byt\u010dica e-mail: zebrateam@zebrateam.skSklad: are\u00e1l spolo\u010dnosti Krasplast 013 03 Kras\u0148any 285JUDr. Ing.","breadcrumb":{"@id":"https:\/\/www.zebrateam.sk\/en\/kontakt\/#breadcrumb"},"inLanguage":"en-US","potentialAction":[{"@type":"ReadAction","target":[["https:\/\/www.zebrateam.sk\/en\/kontakt\/"]]}]},{"@type":"BreadcrumbList","@id":"https:\/\/www.zebrateam.sk\/en\/kontakt\/#breadcrumb","itemListElement":[{"@type":"ListItem","position":1,"name":"Home","item":"https:\/\/www.zebrateam.sk\/en\/"},{"@type":"ListItem","position":2,"name":"Kontakt"}]}]}},"_links":{"self":[{"href":"https:\/\/www.zebrateam.sk\/en\/wp-json\/wp\/v2\/pages\/35874"}],"collection":[{"href":"https:\/\/www.zebrateam.sk\/en\/wp-json\/wp\/v2\/pages"}],"about":[{"href":"https:\/\/www.zebrateam.sk\/en\/wp-json\/wp\/v2\/types\/page"}],"author":[{"embeddable":true,"href":"https:\/\/www.zebrateam.sk\/en\/wp-json\/wp\/v2\/users\/1"}],"replies":[{"embeddable":true,"href":"https:\/\/www.zebrateam.sk\/en\/wp-json\/wp\/v2\/comments?post=35874"}],"version-history":[{"count":0,"href":"https:\/\/www.zebrateam.sk\/en\/wp-json\/wp\/v2\/pages\/35874\/revisions"}],"wp:attachment":[{"href":"https:\/\/www.zebrateam.sk\/en\/wp-json\/wp\/v2\/media?parent=35874"}],"curies":[{"name":"wp","href":"https:\/\/api.w.org\/{rel}","templated":true}]}}