{"id":35937,"date":"2015-11-10T11:04:43","date_gmt":"2015-11-10T09:04:43","guid":{"rendered":"http:\/\/krasplast.renad.sk\/?page_id=35937"},"modified":"2022-07-10T16:00:39","modified_gmt":"2022-07-10T14:00:39","slug":"profil-firmy","status":"publish","type":"page","link":"https:\/\/www.zebrateam.sk\/en\/about-us\/","title":{"rendered":"About us"},"content":{"rendered":"<p><\/p>\n<p>[vc_row][vc_column width=&#8221;1\/2&#8243;]<section class=\"shortcode-action-box table shortcode-action-bg block-style-widget\"><div class=\"\"><h3>Company\u00a0profile<\/h3>\n<\/div><\/section>[vc_empty_space height=&#8221;25px&#8221;][vc_column_text]<strong>Zebra team was established in 2007 and start to import wide offer of rubber mats produced in South India. We can offer serious cooperation to business companies working in Slovakia, Czech Republic and other European states, which are able to offer our products to the customers.<\/strong>[\/vc_column_text][vc_empty_space height=&#8221;25px&#8221;][vc_column_text]<em>Our philosophy is:<\/em><\/p>\n<h3>\u201cThe more successful dealers = the more satisfied customers\u201d<\/h3>\n<p>[\/vc_column_text][vc_empty_space height=&#8221;25px&#8221;]<section class=\"shortcode-action-box box-style-table shortcode-action-bg block-style-widget\"><div class=\"\"><h4>Rubber mats catalogue<\/h4>\n<\/div><div class=\"shortcode-action-container action-button\"><a href=\"https:\/\/www.zebrateam.sk\/download\/Kaucukove-rohoze.pdf\" class=\"btn-shortcode dt-btn-s dt-btn default-btn-color default-btn-hover-color default-btn-bg-color default-btn-bg-hover-color\" target=\"_blank\" id=\"dt-btn-2\" rel=\"noopener\"><span>DOWNLOAD<\/span><\/a><\/div><\/section>[\/vc_column][vc_column width=&#8221;1\/2&#8243;]<style type=\"text\/css\" data-type=\"the7_shortcodes-inline-css\">.shortcode-single-image-wrap.shortcode-single-image-57a32372aee95043d299c6a27ef1605c.enable-bg-rollover .rollover i,\n.shortcode-single-image-wrap.shortcode-single-image-57a32372aee95043d299c6a27ef1605c.enable-bg-rollover .rollover-video i {\n  background: -webkit-linear-gradient();\n  background: linear-gradient();\n}\n.shortcode-single-image-wrap.shortcode-single-image-57a32372aee95043d299c6a27ef1605c .rollover-icon {\n  font-size: 32px;\n  color: #ffffff;\n  min-width: 44px;\n  min-height: 44px;\n  line-height: 44px;\n  border-radius: 100px;\n  border-style: solid;\n  border-width: 0px;\n}\n.dt-icon-bg-on.shortcode-single-image-wrap.shortcode-single-image-57a32372aee95043d299c6a27ef1605c .rollover-icon {\n  background: rgba(255,255,255,0.3);\n  box-shadow: none;\n}\n<\/style><div class=\"shortcode-single-image-wrap shortcode-single-image-57a32372aee95043d299c6a27ef1605c alignnone  vc_custom_1657461354778 enable-bg-rollover dt-icon-bg-off\" ><div class=\"shortcode-single-image\"><div class=\"fancy-media-wrap\" style=\"\"><a class=\"layzr-bg rollover rollover-zoom dt-pswp-item pswp-image\" href=\"https:\/\/www.zebrateam.sk\/wp-content\/uploads\/kaucukove-rohoze.jpg\" title=\"Kau\u010dukov\u00e9 roho\u017ee\" data-dt-img-description=\"\" data-large_image_width=\"566\" data-large_image_height = \"800\"  style=\"\"><img class=\"preload-me lazy-load\" src=\"data:image\/svg+xml,%3Csvg%20xmlns%3D&#39;http%3A%2F%2Fwww.w3.org%2F2000%2Fsvg&#39;%20viewBox%3D&#39;0%200%20400%20565&#39;%2F%3E\" data-src=\"https:\/\/www.zebrateam.sk\/wp-content\/uploads\/kaucukove-rohoze-400x565.jpg\" data-srcset=\"https:\/\/www.zebrateam.sk\/wp-content\/uploads\/kaucukove-rohoze-400x565.jpg 400w, https:\/\/www.zebrateam.sk\/wp-content\/uploads\/kaucukove-rohoze.jpg 566w\" width=\"400\" height=\"565\"  data-dt-location=\"https:\/\/www.zebrateam.sk\/en\/about-us\/kaucukove-rohoze\/\" alt=\"Kau\u010dukov\u00e9 roho\u017ee\" \/><\/a><\/div><\/div><\/div>[\/vc_column][\/vc_row][vc_row][vc_column][vc_empty_space height=&#8221;35px&#8221;]<section class=\"shortcode-action-box box-style-table shortcode-action-bg block-style-widget\"><div class=\"\"><h4>Certificates and testes<\/h4>\n<\/div><\/section>[vc_empty_space height=&#8221;20px&#8221;][\/vc_column][\/vc_row][vc_row][vc_column width=&#8221;1\/3&#8243;]<style type=\"text\/css\" data-type=\"the7_shortcodes-inline-css\">.shortcode-single-image-wrap.shortcode-single-image-422a64ea3e491128b0d77fe46ce90b21.enable-bg-rollover .rollover i,\n.shortcode-single-image-wrap.shortcode-single-image-422a64ea3e491128b0d77fe46ce90b21.enable-bg-rollover .rollover-video i {\n  background: -webkit-linear-gradient();\n  background: linear-gradient();\n}\n.shortcode-single-image-wrap.shortcode-single-image-422a64ea3e491128b0d77fe46ce90b21 .rollover-icon {\n  font-size: 32px;\n  color: #ffffff;\n  min-width: 44px;\n  min-height: 44px;\n  line-height: 44px;\n  border-radius: 100px;\n  border-style: solid;\n  border-width: 0px;\n}\n.dt-icon-bg-on.shortcode-single-image-wrap.shortcode-single-image-422a64ea3e491128b0d77fe46ce90b21 .rollover-icon {\n  background: rgba(255,255,255,0.3);\n  box-shadow: none;\n}\n<\/style><div class=\"shortcode-single-image-wrap shortcode-single-image-422a64ea3e491128b0d77fe46ce90b21 alignnone  enable-bg-rollover dt-icon-bg-off\" style=\"margin-top:0px; margin-bottom:0px; margin-left:0px; margin-right:0px; width:220px;\"><div class=\"shortcode-single-image\"><div class=\"fancy-media-wrap  layzr-bg\" style=\"\"><img class=\"preload-me lazy-load\" src=\"data:image\/svg+xml,%3Csvg%20xmlns%3D&#39;http%3A%2F%2Fwww.w3.org%2F2000%2Fsvg&#39;%20viewBox%3D&#39;0%200%20220%20300&#39;%2F%3E\" data-src=\"https:\/\/www.zebrateam.sk\/wp-content\/uploads\/skusobny-protokol.jpg\" data-srcset=\"https:\/\/www.zebrateam.sk\/wp-content\/uploads\/skusobny-protokol.jpg 220w\" width=\"220\" height=\"300\"  data-dt-location=\"https:\/\/www.zebrateam.sk\/en\/about-us\/skusobny-protokol\/\" style=\"\" alt=\"Sk\u00fa\u0161obn\u00fd protokol\" \/><\/div><\/div><\/div>[vc_empty_space height=&#8221;10px&#8221;][vc_column_text]<\/p>\n<p style=\"text-align: center;\"><strong><a href=\"https:\/\/www.zebrateam.sk\/download\/Skusobny-protokol.pdf\" target=\"_blank\" rel=\"noopener\">Certificate of examination No.3712012<\/a><\/strong><\/p>\n<p>[\/vc_column_text][\/vc_column][vc_column width=&#8221;1\/3&#8243;]<style type=\"text\/css\" data-type=\"the7_shortcodes-inline-css\">.shortcode-single-image-wrap.shortcode-single-image-23ab34f696426681e9aa6c522a55493e.enable-bg-rollover .rollover i,\n.shortcode-single-image-wrap.shortcode-single-image-23ab34f696426681e9aa6c522a55493e.enable-bg-rollover .rollover-video i {\n  background: -webkit-linear-gradient();\n  background: linear-gradient();\n}\n.shortcode-single-image-wrap.shortcode-single-image-23ab34f696426681e9aa6c522a55493e .rollover-icon {\n  font-size: 32px;\n  color: #ffffff;\n  min-width: 44px;\n  min-height: 44px;\n  line-height: 44px;\n  border-radius: 100px;\n  border-style: solid;\n  border-width: 0px;\n}\n.dt-icon-bg-on.shortcode-single-image-wrap.shortcode-single-image-23ab34f696426681e9aa6c522a55493e .rollover-icon {\n  background: rgba(255,255,255,0.3);\n  box-shadow: none;\n}\n<\/style><div class=\"shortcode-single-image-wrap shortcode-single-image-23ab34f696426681e9aa6c522a55493e alignnone  enable-bg-rollover dt-icon-bg-off\" style=\"margin-top:0px; margin-bottom:0px; margin-left:0px; margin-right:0px; width:220px;\"><div class=\"shortcode-single-image\"><div class=\"fancy-media-wrap  layzr-bg\" style=\"\"><img class=\"preload-me lazy-load\" src=\"data:image\/svg+xml,%3Csvg%20xmlns%3D&#39;http%3A%2F%2Fwww.w3.org%2F2000%2Fsvg&#39;%20viewBox%3D&#39;0%200%20220%20300&#39;%2F%3E\" data-src=\"https:\/\/www.zebrateam.sk\/wp-content\/uploads\/prehlad-vysledkov-skusok.jpg\" data-srcset=\"https:\/\/www.zebrateam.sk\/wp-content\/uploads\/prehlad-vysledkov-skusok.jpg 220w\" width=\"220\" height=\"300\"  data-dt-location=\"https:\/\/www.zebrateam.sk\/en\/about-us\/prehlad-vysledkov-skusok\/\" style=\"\" alt=\"Preh\u013ead v\u00fdsledkov sk\u00fa\u0161ok\" \/><\/div><\/div><\/div>[vc_empty_space height=&#8221;10px&#8221;][vc_column_text]<\/p>\n<p style=\"text-align: center;\"><strong><a href=\"https:\/\/www.zebrateam.sk\/download\/Prehlad-vysledkov-skusok.pdf\" target=\"_blank\" rel=\"noopener\">The review of examination results<\/a><\/strong><\/p>\n<p>[\/vc_column_text][\/vc_column][vc_column width=&#8221;1\/3&#8243;]<style type=\"text\/css\" data-type=\"the7_shortcodes-inline-css\">.shortcode-single-image-wrap.shortcode-single-image-19fcdcf19a400b778438b909612fdb72.enable-bg-rollover .rollover i,\n.shortcode-single-image-wrap.shortcode-single-image-19fcdcf19a400b778438b909612fdb72.enable-bg-rollover .rollover-video i {\n  background: -webkit-linear-gradient();\n  background: linear-gradient();\n}\n.shortcode-single-image-wrap.shortcode-single-image-19fcdcf19a400b778438b909612fdb72 .rollover-icon {\n  font-size: 32px;\n  color: #ffffff;\n  min-width: 44px;\n  min-height: 44px;\n  line-height: 44px;\n  border-radius: 100px;\n  border-style: solid;\n  border-width: 0px;\n}\n.dt-icon-bg-on.shortcode-single-image-wrap.shortcode-single-image-19fcdcf19a400b778438b909612fdb72 .rollover-icon {\n  background: rgba(255,255,255,0.3);\n  box-shadow: none;\n}\n<\/style><div class=\"shortcode-single-image-wrap shortcode-single-image-19fcdcf19a400b778438b909612fdb72 alignnone  enable-bg-rollover dt-icon-bg-off\" style=\"margin-top:0px; margin-bottom:0px; margin-left:0px; margin-right:0px; width:220px;\"><div class=\"shortcode-single-image\"><div class=\"fancy-media-wrap  layzr-bg\" style=\"\"><img class=\"preload-me lazy-load\" src=\"data:image\/svg+xml,%3Csvg%20xmlns%3D&#39;http%3A%2F%2Fwww.w3.org%2F2000%2Fsvg&#39;%20viewBox%3D&#39;0%200%20220%20300&#39;%2F%3E\" data-src=\"https:\/\/www.zebrateam.sk\/wp-content\/uploads\/certifikat.jpg\" data-srcset=\"https:\/\/www.zebrateam.sk\/wp-content\/uploads\/certifikat.jpg 220w\" width=\"220\" height=\"300\"  data-dt-location=\"https:\/\/www.zebrateam.sk\/en\/about-us\/certifikat\/\" style=\"\" alt=\"Certifik\u00e1t\" \/><\/div><\/div><\/div>[vc_empty_space height=&#8221;10px&#8221;][vc_column_text]<\/p>\n<p style=\"text-align: center;\"><strong><a href=\"https:\/\/www.zebrateam.sk\/download\/Certifikat.pdf\" target=\"_blank\" rel=\"noopener\">Certificate\u00a0No.00016\/119\/2010<\/a><\/strong><\/p>\n<p>[\/vc_column_text][\/vc_column][\/vc_row]<\/p>\n<p><\/p>","protected":false},"excerpt":{"rendered":"<p>[vc_row][vc_column width=&#8221;1\/2&#8243;][vc_empty_space height=&#8221;25px&#8221;][vc_column_text]Zebra team was established in 2007 and start to import wide offer of rubber mats produced in South India. We can offer serious cooperation to business companies working in Slovakia, Czech Republic and other European states, which are able to offer our products to the customers.[\/vc_column_text][vc_empty_space height=&#8221;25px&#8221;][vc_column_text]Our philosophy is: \u201cThe more successful dealers&hellip;<\/p>\n","protected":false},"author":1,"featured_media":0,"parent":0,"menu_order":2,"comment_status":"closed","ping_status":"closed","template":"","meta":[],"yoast_head":"<!-- This site is optimized with the Yoast SEO Premium plugin v18.3 (Yoast SEO v19.3) - https:\/\/yoast.com\/wordpress\/plugins\/seo\/ -->\n<title>About us | Zebra team<\/title>\n<meta name=\"description\" content=\"Zebra team vznikla v\u00a0roku 2007 s\u00a0cie\u013eom importova\u0165 na stredoeur\u00f3psky trh \u0161irok\u00fd sortiment kau\u010dukov\u00fdch roho\u017e\u00ed vyr\u00e1ban\u00fdch v\u00a0Ju\u017enej Indii. Pon\u00fakame mo\u017enos\u0165\" \/>\n<meta name=\"robots\" content=\"index, follow, max-snippet:-1, max-image-preview:large, max-video-preview:-1\" \/>\n<link rel=\"canonical\" href=\"https:\/\/www.zebrateam.sk\/en\/o-nas\/\" \/>\n<meta property=\"og:locale\" content=\"en_US\" \/>\n<meta property=\"og:type\" content=\"article\" \/>\n<meta property=\"og:title\" content=\"About us\" \/>\n<meta property=\"og:description\" content=\"Zebra team vznikla v\u00a0roku 2007 s\u00a0cie\u013eom importova\u0165 na stredoeur\u00f3psky trh \u0161irok\u00fd sortiment kau\u010dukov\u00fdch roho\u017e\u00ed vyr\u00e1ban\u00fdch v\u00a0Ju\u017enej Indii. Pon\u00fakame mo\u017enos\u0165\" \/>\n<meta property=\"og:url\" content=\"https:\/\/www.zebrateam.sk\/en\/o-nas\/\" \/>\n<meta property=\"og:site_name\" content=\"Zebra team\" \/>\n<meta property=\"article:modified_time\" content=\"2022-07-10T14:00:39+00:00\" \/>\n<meta name=\"twitter:card\" content=\"summary_large_image\" \/>\n<meta name=\"twitter:label1\" content=\"Est. reading time\" \/>\n\t<meta name=\"twitter:data1\" content=\"3 minutes\" \/>\n<script type=\"application\/ld+json\" class=\"yoast-schema-graph\">{\"@context\":\"https:\/\/schema.org\",\"@graph\":[{\"@type\":\"Organization\",\"@id\":\"https:\/\/www.zebrateam.sk\/en\/#organization\",\"name\":\"Zebra team, s.r.o.\",\"url\":\"https:\/\/www.zebrateam.sk\/en\/\",\"sameAs\":[],\"logo\":{\"@type\":\"ImageObject\",\"inLanguage\":\"en-US\",\"@id\":\"https:\/\/www.zebrateam.sk\/en\/#\/schema\/logo\/image\/\",\"url\":\"https:\/\/www.zebrateam.sk\/wp-content\/uploads\/zebra-team-float-retina.png\",\"contentUrl\":\"https:\/\/www.zebrateam.sk\/wp-content\/uploads\/zebra-team-float-retina.png\",\"width\":228,\"height\":140,\"caption\":\"Zebra team, s.r.o.\"},\"image\":{\"@id\":\"https:\/\/www.zebrateam.sk\/en\/#\/schema\/logo\/image\/\"}},{\"@type\":\"WebSite\",\"@id\":\"https:\/\/www.zebrateam.sk\/en\/#website\",\"url\":\"https:\/\/www.zebrateam.sk\/en\/\",\"name\":\"Zebra team\",\"description\":\"Rubber mats\",\"publisher\":{\"@id\":\"https:\/\/www.zebrateam.sk\/en\/#organization\"},\"potentialAction\":[{\"@type\":\"SearchAction\",\"target\":{\"@type\":\"EntryPoint\",\"urlTemplate\":\"https:\/\/www.zebrateam.sk\/en\/?s={search_term_string}\"},\"query-input\":\"required name=search_term_string\"}],\"inLanguage\":\"en-US\"},{\"@type\":\"WebPage\",\"@id\":\"https:\/\/www.zebrateam.sk\/en\/o-nas\/\",\"url\":\"https:\/\/www.zebrateam.sk\/en\/o-nas\/\",\"name\":\"About us | Zebra team\",\"isPartOf\":{\"@id\":\"https:\/\/www.zebrateam.sk\/en\/#website\"},\"datePublished\":\"2015-11-10T09:04:43+00:00\",\"dateModified\":\"2022-07-10T14:00:39+00:00\",\"description\":\"Zebra team vznikla v\u00a0roku 2007 s\u00a0cie\u013eom importova\u0165 na stredoeur\u00f3psky trh \u0161irok\u00fd sortiment kau\u010dukov\u00fdch roho\u017e\u00ed vyr\u00e1ban\u00fdch v\u00a0Ju\u017enej Indii. Pon\u00fakame mo\u017enos\u0165\",\"breadcrumb\":{\"@id\":\"https:\/\/www.zebrateam.sk\/en\/o-nas\/#breadcrumb\"},\"inLanguage\":\"en-US\",\"potentialAction\":[{\"@type\":\"ReadAction\",\"target\":[[\"https:\/\/www.zebrateam.sk\/en\/o-nas\/\"]]}]},{\"@type\":\"BreadcrumbList\",\"@id\":\"https:\/\/www.zebrateam.sk\/en\/o-nas\/#breadcrumb\",\"itemListElement\":[{\"@type\":\"ListItem\",\"position\":1,\"name\":\"Home\",\"item\":\"https:\/\/www.zebrateam.sk\/en\/\"},{\"@type\":\"ListItem\",\"position\":2,\"name\":\"O n\u00e1s\"}]}]}<\/script>\n<!-- \/ Yoast SEO Premium plugin. -->","yoast_head_json":{"title":"About us | Zebra team","description":"Zebra team vznikla v\u00a0roku 2007 s\u00a0cie\u013eom importova\u0165 na stredoeur\u00f3psky trh \u0161irok\u00fd sortiment kau\u010dukov\u00fdch roho\u017e\u00ed vyr\u00e1ban\u00fdch v\u00a0Ju\u017enej Indii. Pon\u00fakame mo\u017enos\u0165","robots":{"index":"index","follow":"follow","max-snippet":"max-snippet:-1","max-image-preview":"max-image-preview:large","max-video-preview":"max-video-preview:-1"},"canonical":"https:\/\/www.zebrateam.sk\/en\/o-nas\/","og_locale":"en_US","og_type":"article","og_title":"About us","og_description":"Zebra team vznikla v\u00a0roku 2007 s\u00a0cie\u013eom importova\u0165 na stredoeur\u00f3psky trh \u0161irok\u00fd sortiment kau\u010dukov\u00fdch roho\u017e\u00ed vyr\u00e1ban\u00fdch v\u00a0Ju\u017enej Indii. Pon\u00fakame mo\u017enos\u0165","og_url":"https:\/\/www.zebrateam.sk\/en\/o-nas\/","og_site_name":"Zebra team","article_modified_time":"2022-07-10T14:00:39+00:00","twitter_card":"summary_large_image","twitter_misc":{"Est. reading time":"3 minutes"},"schema":{"@context":"https:\/\/schema.org","@graph":[{"@type":"Organization","@id":"https:\/\/www.zebrateam.sk\/en\/#organization","name":"Zebra team, s.r.o.","url":"https:\/\/www.zebrateam.sk\/en\/","sameAs":[],"logo":{"@type":"ImageObject","inLanguage":"en-US","@id":"https:\/\/www.zebrateam.sk\/en\/#\/schema\/logo\/image\/","url":"https:\/\/www.zebrateam.sk\/wp-content\/uploads\/zebra-team-float-retina.png","contentUrl":"https:\/\/www.zebrateam.sk\/wp-content\/uploads\/zebra-team-float-retina.png","width":228,"height":140,"caption":"Zebra team, s.r.o."},"image":{"@id":"https:\/\/www.zebrateam.sk\/en\/#\/schema\/logo\/image\/"}},{"@type":"WebSite","@id":"https:\/\/www.zebrateam.sk\/en\/#website","url":"https:\/\/www.zebrateam.sk\/en\/","name":"Zebra team","description":"Rubber mats","publisher":{"@id":"https:\/\/www.zebrateam.sk\/en\/#organization"},"potentialAction":[{"@type":"SearchAction","target":{"@type":"EntryPoint","urlTemplate":"https:\/\/www.zebrateam.sk\/en\/?s={search_term_string}"},"query-input":"required name=search_term_string"}],"inLanguage":"en-US"},{"@type":"WebPage","@id":"https:\/\/www.zebrateam.sk\/en\/o-nas\/","url":"https:\/\/www.zebrateam.sk\/en\/o-nas\/","name":"About us | Zebra team","isPartOf":{"@id":"https:\/\/www.zebrateam.sk\/en\/#website"},"datePublished":"2015-11-10T09:04:43+00:00","dateModified":"2022-07-10T14:00:39+00:00","description":"Zebra team vznikla v\u00a0roku 2007 s\u00a0cie\u013eom importova\u0165 na stredoeur\u00f3psky trh \u0161irok\u00fd sortiment kau\u010dukov\u00fdch roho\u017e\u00ed vyr\u00e1ban\u00fdch v\u00a0Ju\u017enej Indii. Pon\u00fakame mo\u017enos\u0165","breadcrumb":{"@id":"https:\/\/www.zebrateam.sk\/en\/o-nas\/#breadcrumb"},"inLanguage":"en-US","potentialAction":[{"@type":"ReadAction","target":[["https:\/\/www.zebrateam.sk\/en\/o-nas\/"]]}]},{"@type":"BreadcrumbList","@id":"https:\/\/www.zebrateam.sk\/en\/o-nas\/#breadcrumb","itemListElement":[{"@type":"ListItem","position":1,"name":"Home","item":"https:\/\/www.zebrateam.sk\/en\/"},{"@type":"ListItem","position":2,"name":"O n\u00e1s"}]}]}},"_links":{"self":[{"href":"https:\/\/www.zebrateam.sk\/en\/wp-json\/wp\/v2\/pages\/35937"}],"collection":[{"href":"https:\/\/www.zebrateam.sk\/en\/wp-json\/wp\/v2\/pages"}],"about":[{"href":"https:\/\/www.zebrateam.sk\/en\/wp-json\/wp\/v2\/types\/page"}],"author":[{"embeddable":true,"href":"https:\/\/www.zebrateam.sk\/en\/wp-json\/wp\/v2\/users\/1"}],"replies":[{"embeddable":true,"href":"https:\/\/www.zebrateam.sk\/en\/wp-json\/wp\/v2\/comments?post=35937"}],"version-history":[{"count":0,"href":"https:\/\/www.zebrateam.sk\/en\/wp-json\/wp\/v2\/pages\/35937\/revisions"}],"wp:attachment":[{"href":"https:\/\/www.zebrateam.sk\/en\/wp-json\/wp\/v2\/media?parent=35937"}],"curies":[{"name":"wp","href":"https:\/\/api.w.org\/{rel}","templated":true}]}}