{"id":36355,"date":"2018-05-22T18:45:08","date_gmt":"2018-05-22T16:45:08","guid":{"rendered":"https:\/\/www.zebrateam.sk\/?page_id=36355"},"modified":"2022-07-10T17:39:16","modified_gmt":"2022-07-10T15:39:16","slug":"ochrana-osobnych-udajov","status":"publish","type":"page","link":"https:\/\/www.zebrateam.sk\/en\/personal-data-protection\/","title":{"rendered":"Personal Data Protection"},"content":{"rendered":"<p>[vc_row][vc_column]<section class=\"shortcode-action-box table shortcode-action-bg block-style-widget\"><div class=\"\"><h2>Personal Data Protection<\/h2>\n<\/div><\/section>[vc_empty_space height=&#8221;25px&#8221;][\/vc_column][\/vc_row][vc_row][vc_column][vc_column_text]<strong>By using our website, you are entrusting us with your personal data. Here is which personal data we collect and the rules for the use.<\/strong><\/p>\n<h4>Company Zebra team, s.r.o., with its office at Kopanice, 010 09 \u017dilina &#8211; Byt\u010dica, Slovak Republic, I\u010cO: 31 635 164, registered in the Commercial Register of District Court \u017dilina, section: Sro, Insert Nr. 18654\/L, collects the following personal data:<\/h4>\n<ul>\n<li>cookies,<\/li>\n<li>the personal data you provide in our contact form \u201cWrite us\u201d<\/li>\n<\/ul>\n<p>[\/vc_column_text][vc_zigzag][vc_column_text]<\/p>\n<h3>How We Use Collected Personal Data<\/h3>\n<h4>Forms<\/h4>\n<p>The personal data you provide through our forms will be used exclusively for the purposes for which it was designated, namely:<\/p>\n<ul>\n<li>data from the contact Form \u201cWrite us\u201d for the sole purpose of contacting you<\/li>\n<\/ul>\n<h4>Cookies<\/h4>\n<p>Cookies are small text files that are stored in the browser&#8217;s memory and contain information about visiting a website. These files are anonymous and contain data such as language, browser, and other settings when viewing a page. The cookies your browser sends to us are designed to analyze user behavior on our website and to improve and simplify its usability. We use Google Analytics for analysis. Cookie usage time is 6 months.<\/p>\n<p><strong>Check and delete cookies<\/strong><br \/>\nYou can change the settings for using cookies within each Internet browser in the Settings section. By removing or blocking cookies, you will be able to visit our website, but some features may not work properly.<\/p>\n<h3>Rights of the person concerned<\/h3>\n<p>Any person who provided us with personal data (the person concerned) has the right to request access to his\/her personal data and the right to correct or delete or restrict the processing, the right to object the processing, the right to data portability and the right to file a complaint to the supervisory authority, which is the Office for the Personal Data Protection of the Slovak Republic<br \/>\n[\/vc_column_text][\/vc_column][\/vc_row]<\/p>","protected":false},"excerpt":{"rendered":"<p>[vc_row][vc_column][vc_empty_space height=&#8221;25px&#8221;][\/vc_column][\/vc_row][vc_row][vc_column][vc_column_text]By using our website, you are entrusting us with your personal data. Here is which personal data we collect and the rules for the use. Company Zebra team, s.r.o., with its office at Kopanice, 010 09 \u017dilina &#8211; Byt\u010dica, Slovak Republic, I\u010cO: 31 635 164, registered in the Commercial Register of District Court \u017dilina,&hellip;<\/p>\n","protected":false},"author":1,"featured_media":0,"parent":0,"menu_order":6,"comment_status":"closed","ping_status":"closed","template":"","meta":[],"yoast_head":"<!-- This site is optimized with the Yoast SEO Premium plugin v18.3 (Yoast SEO v19.3) - https:\/\/yoast.com\/wordpress\/plugins\/seo\/ -->\n<title>Personal Data Protection | Zebra team<\/title>\n<meta name=\"description\" content=\"Pou\u017e\u00edvan\u00edm na\u0161ich webov\u00fdch str\u00e1nok n\u00e1m zverujete svoje osobn\u00e9 \u00fadaje. Na tejto str\u00e1nke uv\u00e1dzame, ak\u00e9 osobn\u00e9 \u00fadaje zhroma\u017e\u010fujeme a pravidl\u00e1 ako ich\" \/>\n<meta name=\"robots\" content=\"index, follow, max-snippet:-1, max-image-preview:large, max-video-preview:-1\" \/>\n<link rel=\"canonical\" href=\"https:\/\/www.zebrateam.sk\/en\/ochrana-osobnych-udajov\/\" \/>\n<meta property=\"og:locale\" content=\"en_US\" \/>\n<meta property=\"og:type\" content=\"article\" \/>\n<meta property=\"og:title\" content=\"Personal Data Protection\" \/>\n<meta property=\"og:description\" content=\"Pou\u017e\u00edvan\u00edm na\u0161ich webov\u00fdch str\u00e1nok n\u00e1m zverujete svoje osobn\u00e9 \u00fadaje. Na tejto str\u00e1nke uv\u00e1dzame, ak\u00e9 osobn\u00e9 \u00fadaje zhroma\u017e\u010fujeme a pravidl\u00e1 ako ich\" \/>\n<meta property=\"og:url\" content=\"https:\/\/www.zebrateam.sk\/en\/ochrana-osobnych-udajov\/\" \/>\n<meta property=\"og:site_name\" content=\"Zebra team\" \/>\n<meta property=\"article:modified_time\" content=\"2022-07-10T15:39:16+00:00\" \/>\n<meta name=\"twitter:card\" content=\"summary_large_image\" \/>\n<meta name=\"twitter:label1\" content=\"Est. reading time\" \/>\n\t<meta name=\"twitter:data1\" content=\"2 minutes\" \/>\n<script type=\"application\/ld+json\" class=\"yoast-schema-graph\">{\"@context\":\"https:\/\/schema.org\",\"@graph\":[{\"@type\":\"Organization\",\"@id\":\"https:\/\/www.zebrateam.sk\/en\/#organization\",\"name\":\"Zebra team, s.r.o.\",\"url\":\"https:\/\/www.zebrateam.sk\/en\/\",\"sameAs\":[],\"logo\":{\"@type\":\"ImageObject\",\"inLanguage\":\"en-US\",\"@id\":\"https:\/\/www.zebrateam.sk\/en\/#\/schema\/logo\/image\/\",\"url\":\"https:\/\/www.zebrateam.sk\/wp-content\/uploads\/zebra-team-float-retina.png\",\"contentUrl\":\"https:\/\/www.zebrateam.sk\/wp-content\/uploads\/zebra-team-float-retina.png\",\"width\":228,\"height\":140,\"caption\":\"Zebra team, s.r.o.\"},\"image\":{\"@id\":\"https:\/\/www.zebrateam.sk\/en\/#\/schema\/logo\/image\/\"}},{\"@type\":\"WebSite\",\"@id\":\"https:\/\/www.zebrateam.sk\/en\/#website\",\"url\":\"https:\/\/www.zebrateam.sk\/en\/\",\"name\":\"Zebra team\",\"description\":\"Rubber mats\",\"publisher\":{\"@id\":\"https:\/\/www.zebrateam.sk\/en\/#organization\"},\"potentialAction\":[{\"@type\":\"SearchAction\",\"target\":{\"@type\":\"EntryPoint\",\"urlTemplate\":\"https:\/\/www.zebrateam.sk\/en\/?s={search_term_string}\"},\"query-input\":\"required name=search_term_string\"}],\"inLanguage\":\"en-US\"},{\"@type\":\"WebPage\",\"@id\":\"https:\/\/www.zebrateam.sk\/en\/ochrana-osobnych-udajov\/\",\"url\":\"https:\/\/www.zebrateam.sk\/en\/ochrana-osobnych-udajov\/\",\"name\":\"Personal Data Protection | Zebra team\",\"isPartOf\":{\"@id\":\"https:\/\/www.zebrateam.sk\/en\/#website\"},\"datePublished\":\"2018-05-22T16:45:08+00:00\",\"dateModified\":\"2022-07-10T15:39:16+00:00\",\"description\":\"Pou\u017e\u00edvan\u00edm na\u0161ich webov\u00fdch str\u00e1nok n\u00e1m zverujete svoje osobn\u00e9 \u00fadaje. Na tejto str\u00e1nke uv\u00e1dzame, ak\u00e9 osobn\u00e9 \u00fadaje zhroma\u017e\u010fujeme a pravidl\u00e1 ako ich\",\"breadcrumb\":{\"@id\":\"https:\/\/www.zebrateam.sk\/en\/ochrana-osobnych-udajov\/#breadcrumb\"},\"inLanguage\":\"en-US\",\"potentialAction\":[{\"@type\":\"ReadAction\",\"target\":[[\"https:\/\/www.zebrateam.sk\/en\/ochrana-osobnych-udajov\/\"]]}]},{\"@type\":\"BreadcrumbList\",\"@id\":\"https:\/\/www.zebrateam.sk\/en\/ochrana-osobnych-udajov\/#breadcrumb\",\"itemListElement\":[{\"@type\":\"ListItem\",\"position\":1,\"name\":\"Home\",\"item\":\"https:\/\/www.zebrateam.sk\/en\/\"},{\"@type\":\"ListItem\",\"position\":2,\"name\":\"Ochrana osobn\u00fdch \u00fadajov\"}]}]}<\/script>\n<!-- \/ Yoast SEO Premium plugin. -->","yoast_head_json":{"title":"Personal Data Protection | Zebra team","description":"Pou\u017e\u00edvan\u00edm na\u0161ich webov\u00fdch str\u00e1nok n\u00e1m zverujete svoje osobn\u00e9 \u00fadaje. Na tejto str\u00e1nke uv\u00e1dzame, ak\u00e9 osobn\u00e9 \u00fadaje zhroma\u017e\u010fujeme a pravidl\u00e1 ako ich","robots":{"index":"index","follow":"follow","max-snippet":"max-snippet:-1","max-image-preview":"max-image-preview:large","max-video-preview":"max-video-preview:-1"},"canonical":"https:\/\/www.zebrateam.sk\/en\/ochrana-osobnych-udajov\/","og_locale":"en_US","og_type":"article","og_title":"Personal Data Protection","og_description":"Pou\u017e\u00edvan\u00edm na\u0161ich webov\u00fdch str\u00e1nok n\u00e1m zverujete svoje osobn\u00e9 \u00fadaje. Na tejto str\u00e1nke uv\u00e1dzame, ak\u00e9 osobn\u00e9 \u00fadaje zhroma\u017e\u010fujeme a pravidl\u00e1 ako ich","og_url":"https:\/\/www.zebrateam.sk\/en\/ochrana-osobnych-udajov\/","og_site_name":"Zebra team","article_modified_time":"2022-07-10T15:39:16+00:00","twitter_card":"summary_large_image","twitter_misc":{"Est. reading time":"2 minutes"},"schema":{"@context":"https:\/\/schema.org","@graph":[{"@type":"Organization","@id":"https:\/\/www.zebrateam.sk\/en\/#organization","name":"Zebra team, s.r.o.","url":"https:\/\/www.zebrateam.sk\/en\/","sameAs":[],"logo":{"@type":"ImageObject","inLanguage":"en-US","@id":"https:\/\/www.zebrateam.sk\/en\/#\/schema\/logo\/image\/","url":"https:\/\/www.zebrateam.sk\/wp-content\/uploads\/zebra-team-float-retina.png","contentUrl":"https:\/\/www.zebrateam.sk\/wp-content\/uploads\/zebra-team-float-retina.png","width":228,"height":140,"caption":"Zebra team, s.r.o."},"image":{"@id":"https:\/\/www.zebrateam.sk\/en\/#\/schema\/logo\/image\/"}},{"@type":"WebSite","@id":"https:\/\/www.zebrateam.sk\/en\/#website","url":"https:\/\/www.zebrateam.sk\/en\/","name":"Zebra team","description":"Rubber mats","publisher":{"@id":"https:\/\/www.zebrateam.sk\/en\/#organization"},"potentialAction":[{"@type":"SearchAction","target":{"@type":"EntryPoint","urlTemplate":"https:\/\/www.zebrateam.sk\/en\/?s={search_term_string}"},"query-input":"required name=search_term_string"}],"inLanguage":"en-US"},{"@type":"WebPage","@id":"https:\/\/www.zebrateam.sk\/en\/ochrana-osobnych-udajov\/","url":"https:\/\/www.zebrateam.sk\/en\/ochrana-osobnych-udajov\/","name":"Personal Data Protection | Zebra team","isPartOf":{"@id":"https:\/\/www.zebrateam.sk\/en\/#website"},"datePublished":"2018-05-22T16:45:08+00:00","dateModified":"2022-07-10T15:39:16+00:00","description":"Pou\u017e\u00edvan\u00edm na\u0161ich webov\u00fdch str\u00e1nok n\u00e1m zverujete svoje osobn\u00e9 \u00fadaje. Na tejto str\u00e1nke uv\u00e1dzame, ak\u00e9 osobn\u00e9 \u00fadaje zhroma\u017e\u010fujeme a pravidl\u00e1 ako ich","breadcrumb":{"@id":"https:\/\/www.zebrateam.sk\/en\/ochrana-osobnych-udajov\/#breadcrumb"},"inLanguage":"en-US","potentialAction":[{"@type":"ReadAction","target":[["https:\/\/www.zebrateam.sk\/en\/ochrana-osobnych-udajov\/"]]}]},{"@type":"BreadcrumbList","@id":"https:\/\/www.zebrateam.sk\/en\/ochrana-osobnych-udajov\/#breadcrumb","itemListElement":[{"@type":"ListItem","position":1,"name":"Home","item":"https:\/\/www.zebrateam.sk\/en\/"},{"@type":"ListItem","position":2,"name":"Ochrana osobn\u00fdch \u00fadajov"}]}]}},"_links":{"self":[{"href":"https:\/\/www.zebrateam.sk\/en\/wp-json\/wp\/v2\/pages\/36355"}],"collection":[{"href":"https:\/\/www.zebrateam.sk\/en\/wp-json\/wp\/v2\/pages"}],"about":[{"href":"https:\/\/www.zebrateam.sk\/en\/wp-json\/wp\/v2\/types\/page"}],"author":[{"embeddable":true,"href":"https:\/\/www.zebrateam.sk\/en\/wp-json\/wp\/v2\/users\/1"}],"replies":[{"embeddable":true,"href":"https:\/\/www.zebrateam.sk\/en\/wp-json\/wp\/v2\/comments?post=36355"}],"version-history":[{"count":0,"href":"https:\/\/www.zebrateam.sk\/en\/wp-json\/wp\/v2\/pages\/36355\/revisions"}],"wp:attachment":[{"href":"https:\/\/www.zebrateam.sk\/en\/wp-json\/wp\/v2\/media?parent=36355"}],"curies":[{"name":"wp","href":"https:\/\/api.w.org\/{rel}","templated":true}]}}